{"id":8607,"date":"2025-10-07T18:10:36","date_gmt":"2025-10-07T16:10:36","guid":{"rendered":"https:\/\/dilmah-ingatlan.hu\/?post_type=product&#038;p=8607"},"modified":"2025-10-11T12:36:47","modified_gmt":"2025-10-11T10:36:47","slug":"budapest-vii-kerulet-rakoczi-ut-elado-tegla-lakas-82-m2","status":"publish","type":"product","link":"https:\/\/dilmah-ingatlan.hu\/?product=budapest-vii-kerulet-rakoczi-ut-elado-tegla-lakas-82-m2","title":{"rendered":"Budapest VII. ker\u00fclet, R\u00e1k\u00f3czi \u00fat, Elad\u00f3 t\u00e9gla lak\u00e1s"},"content":{"rendered":"<div>\n<p><span style=\"font-weight: 300\">Elad\u00f3 t\u00e1gas, napf\u00e9nyes, CSENDES polg\u00e1ri lak\u00e1s a VII. ker\u00fclet sz\u00edv\u00e9ben<\/span><\/p>\n<p><span style=\"font-weight: 300\">A VII. ker\u00fclet kedvelt Als\u00f3 Erd\u0151sor utc\u00e1j\u00e1ban k\u00edn\u00e1lunk elad\u00e1sra egy 82 m\u00b2-es, 2,5 szob\u00e1s, polg\u00e1ri hangulat\u00fa, kiv\u00e1l\u00f3 \u00e1llapot\u00fa lak\u00e1st egy 1915-ben \u00e9p\u00fclt, sz\u00e9p \u00e1llapot\u00fa t\u00e1rsash\u00e1z 3. emelet\u00e9n, liftes h\u00e1zban.<\/span><\/p>\n<p><span style=\"font-weight: 300\">A lak\u00e1s elrendez\u00e9se ide\u00e1lis: k\u00e9t nagy, utc\u00e1ra n\u00e9z\u0151 szoba \u00e9s egy csendes, udvarra n\u00e9z\u0151 f\u00e9lszoba biztos\u00edt k\u00e9nyelmes \u00e9letteret. A 3,6 m\u00e9teres belmagass\u00e1g, a napf\u00e9nyes terek \u00e9s a k\u00fcl\u00f6n ny\u00edl\u00f3 helyis\u00e9gek t\u00e1gas, eleg\u00e1ns hangulatot teremtenek.<\/span><\/p>\n<p><span style=\"font-weight: 300\">A f\u0171t\u00e9st h\u00e1zk\u00f6zponti rendszer egyedi m\u00e9r\u00e9ssel biztos\u00edtja, a rezsi alacsony, a k\u00f6z\u00f6s k\u00f6lts\u00e9g mind\u00f6ssze 25 600 Ft\/h\u00f3.<\/span><\/p>\n<p><span style=\"font-weight: 300\">A h\u00e1z j\u00f3 lak\u00f3k\u00f6z\u00f6ss\u00e9g\u0171, karbantartott, Airbnb enged\u00e9llyel m\u00e1r rendelkezik.<\/span><\/p>\n<p><span style=\"font-weight: 300\">A k\u00f6rny\u00e9k infrastrukt\u00far\u00e1ja kiv\u00e1l\u00f3: Keleti p\u00e1lyaudvar, metr\u00f3, villamos, bev\u00e1s\u00e1rl\u00e1si lehet\u0151s\u00e9gek \u00e9s iskol\u00e1k p\u00e1r perc s\u00e9t\u00e1ra tal\u00e1lhat\u00f3k.<\/span><\/p>\n<p><span style=\"font-weight: 300\">Ez az otthon t\u00f6k\u00e9letes v\u00e1laszt\u00e1s mindazoknak, akik v\u00e1rosi \u00e9letet, polg\u00e1ri eleganci\u00e1t \u00e9s megb\u00edzhat\u00f3 \u00e9rt\u00e9ktart\u00e1st keresnek.<\/span><\/p>\n<\/div>\n<div>H\u00edvjon b\u00e1tran \u00e9s bizalommal!<\/div>\n<div><\/div>\n<div><\/div>\n<div><\/div>\n<div><\/div>\n<div><b>Szab\u00f3 N\u00f3ra<\/b><\/div>\n<div>Kiemelt \u00c9rt\u00e9kes\u00edt\u0151<\/div>\n<div>Telefon:\u00a0<a>+36 70 326 5827<\/a><\/div>\n<div>E-mail:\u00a0<a href=\"mailto:ingatlaniroda.kinga.aa@gmail.com\" target=\"_blank\" rel=\"noopener\">ingatlaniroda.livia.aa@gmail.com<\/a><\/div>\n","protected":false},"excerpt":{"rendered":"<p style=\"text-align: center\"><strong>Elad\u00f3 t\u00e1gas, napf\u00e9nyes, CSENDES polg\u00e1ri lak\u00e1s a VII. ker\u00fclet sz\u00edv\u00e9ben<\/strong><\/p>\n<p style=\"text-align: center\">\u00c1r: 94 900 000.- HUF \/ Alapter\u00fclet 82 m2 \/ Szob\u00e1k 2 + 1 f\u00e9l<\/p>\n<p><img loading=\"lazy\" class=\"size-medium wp-image-8628 aligncenter\" src=\"https:\/\/dilmah-ingatlan.hu\/wp-content\/uploads\/2025\/10\/IMG_6460-300x225.jpg\" alt=\"\" width=\"300\" height=\"225\" \/><\/p>\n<p><img loading=\"lazy\" class=\"size-medium wp-image-8638 aligncenter\" src=\"https:\/\/dilmah-ingatlan.hu\/wp-content\/uploads\/2025\/10\/IMG_6478-300x225.jpg\" alt=\"\" width=\"300\" height=\"225\" \/><\/p>\n<p><img loading=\"lazy\" class=\"size-medium wp-image-8634 aligncenter\" src=\"https:\/\/dilmah-ingatlan.hu\/wp-content\/uploads\/2025\/10\/IMG_6455-300x225.jpg\" alt=\"\" width=\"300\" height=\"225\" \/><\/p>\n<p><img loading=\"lazy\" class=\"size-medium wp-image-8632 aligncenter\" src=\"https:\/\/dilmah-ingatlan.hu\/wp-content\/uploads\/2025\/10\/IMG_6461-300x225.jpg\" alt=\"\" width=\"300\" height=\"225\" \/><\/p>\n<p><img loading=\"lazy\" class=\"size-medium wp-image-8624 aligncenter\" src=\"https:\/\/dilmah-ingatlan.hu\/wp-content\/uploads\/2025\/10\/IMG_6469-225x300.jpg\" alt=\"\" width=\"225\" height=\"300\" \/><\/p>\n<p><img loading=\"lazy\" class=\"size-medium wp-image-8609 aligncenter\" src=\"https:\/\/dilmah-ingatlan.hu\/wp-content\/uploads\/2025\/10\/36d94cc9-b61a-4aa1-9ef2-2b106d5a64ce-293x300.jpg\" alt=\"\" width=\"293\" height=\"300\" \/><\/p>\n","protected":false},"featured_media":8619,"template":"","meta":{"_et_pb_use_builder":"","_et_pb_old_content":"","_et_gb_content_width":"","spay_email":"","jetpack_publicize_message":"","jetpack_is_tweetstorm":false},"jetpack_publicize_connections":[],"jetpack_sharing_enabled":true,"_links":{"self":[{"href":"https:\/\/dilmah-ingatlan.hu\/index.php?rest_route=\/wp\/v2\/product\/8607"}],"collection":[{"href":"https:\/\/dilmah-ingatlan.hu\/index.php?rest_route=\/wp\/v2\/product"}],"about":[{"href":"https:\/\/dilmah-ingatlan.hu\/index.php?rest_route=\/wp\/v2\/types\/product"}],"wp:featuredmedia":[{"embeddable":true,"href":"https:\/\/dilmah-ingatlan.hu\/index.php?rest_route=\/wp\/v2\/media\/8619"}],"wp:attachment":[{"href":"https:\/\/dilmah-ingatlan.hu\/index.php?rest_route=%2Fwp%2Fv2%2Fmedia&parent=8607"}],"curies":[{"name":"wp","href":"https:\/\/api.w.org\/{rel}","templated":true}]}}