{"id":8533,"date":"2025-10-01T11:50:28","date_gmt":"2025-10-01T09:50:28","guid":{"rendered":"https:\/\/dilmah-ingatlan.hu\/?post_type=product&#038;p=8533"},"modified":"2025-10-01T11:51:01","modified_gmt":"2025-10-01T09:51:01","slug":"elado-iv-rozsa-utcai-panellakas","status":"publish","type":"product","link":"https:\/\/dilmah-ingatlan.hu\/?product=elado-iv-rozsa-utcai-panellakas","title":{"rendered":"Elad\u00f3 IV. R\u00f3zsa utcai panellak\u00e1s"},"content":{"rendered":"<p><span style=\"font-size: large\">Elad\u00f3 a IV. ker\u00fcletben \u00dajpesten a R\u00f3zsa utc\u00e1ban, egy negyedik emeleti, 71 m2-es, erk\u00e9lyes, kett\u0151 \u00e9s f\u00e9lszob\u00e1s, k\u00f6zepes \u00e1llapot\u00fa panellak\u00e1s!<\/span><\/p>\n<p><span style=\"font-size: large\">A h\u00e1z rendezett, karbantartott, sz\u00e9p \u00e1llapot\u00fa.<\/span><\/p>\n<p><span style=\"font-size: large\">A lak\u00e1s el\u0151nye a nagy \u00e9tkez\u0151-hall kombin\u00e1ci\u00f3! <\/span><\/p>\n<p><span style=\"font-size: large\">T\u00e1vf\u0171t\u00e9ses \u00e9s v\u00edz\u00f3r\u00e1val rendelkezik.<\/span><\/p>\n<p><span style=\"font-size: large\">A k\u00f6z\u00f6s k\u00f6lts\u00e9g d\u00edja: 24.000.ft, a f\u0171t\u00e9s \u00e1tal\u00e1ny: 15.000.ft.<\/span><\/p>\n<p><span style=\"font-size: large\">Az ingatlan 1\/1 tulajdoni h\u00e1nyaddal rendelkezik, tehermentes, azonnal k\u00f6lt\u00f6zhet\u0151.<\/span><\/p>\n<p><span style=\"font-size: large\">Elhelyezked\u00e9se tekintet\u00e9ben az \u00dajpest k\u00f6zpont M3 metr\u00f3 meg\u00e1ll\u00f3 6-7 perc alatt megk\u00f6zel\u00edthet\u0151, illetve K\u00e1poszt\u00e1smegyer, \u00dajpalota fel\u00e9 sz\u00e1mos Bkk j\u00e1rattal el lehet jutni. <\/span><\/p>\n<p><span style=\"font-size: large\">A k\u00f6rny\u00e9k ell\u00e1totts\u00e1ga \u00fczletek, boltok, piac, \u00fczleth\u00e1zak, rendel\u0151, k\u00f3rh\u00e1z, iskol\u00e1k, stb. tekintet\u00e9ben teljesen megfelel\u0151 minden koroszt\u00e1ly sz\u00e1m\u00e1ra.<\/span><\/p>\n<p><span style=\"font-size: large\">Amennyiben bankf\u00fcggetlen hitelkonstrukci\u00f3ra vagy jogi t\u00e1mogat\u00e1sra lenne sz\u00fcks\u00e9ge, irod\u00e1nk ebben is seg\u00edts\u00e9get tud ny\u00fajtani.<\/span><\/p>\n<p><span style=\"font-size: large\">Megtekint\u00e9s el\u0151re egyeztetett id\u0151pontban lehets\u00e9ges.<\/span><\/p>\n","protected":false},"excerpt":{"rendered":"<p>Elad\u00f3 a IV. ker\u00fcletben \u00dajpesten a R\u00f3zsa utc\u00e1ban, egy negyedik emeleti, 71 m2-es, erk\u00e9lyes, kett\u0151 \u00e9s f\u00e9lszob\u00e1s, k\u00f6zepes \u00e1llapot\u00fa panellak\u00e1s! A h\u00e1z rendezett, karbantartott, sz\u00e9p \u00e1llapot\u00fa. A lak\u00e1s el\u0151nye a nagy \u00e9tkez\u0151-hall kombin\u00e1ci\u00f3! T\u00e1vf\u0171t\u00e9ses \u00e9s v\u00edz\u00f3r\u00e1val rendelkezik. A k\u00f6z\u00f6s k\u00f6lts\u00e9g d\u00edja: 24.000.ft, a f\u0171t\u00e9s \u00e1tal\u00e1ny: 15.000.ft. Az ingatlan 1\/1 tulajdoni h\u00e1nyaddal rendelkezik, tehermentes, azonnal k\u00f6lt\u00f6zhet\u0151. [&hellip;]<\/p>\n","protected":false},"featured_media":8535,"template":"","meta":{"_et_pb_use_builder":"","_et_pb_old_content":"","_et_gb_content_width":"","spay_email":"","jetpack_publicize_message":"","jetpack_is_tweetstorm":false},"jetpack_publicize_connections":[],"jetpack_sharing_enabled":true,"_links":{"self":[{"href":"https:\/\/dilmah-ingatlan.hu\/index.php?rest_route=\/wp\/v2\/product\/8533"}],"collection":[{"href":"https:\/\/dilmah-ingatlan.hu\/index.php?rest_route=\/wp\/v2\/product"}],"about":[{"href":"https:\/\/dilmah-ingatlan.hu\/index.php?rest_route=\/wp\/v2\/types\/product"}],"wp:featuredmedia":[{"embeddable":true,"href":"https:\/\/dilmah-ingatlan.hu\/index.php?rest_route=\/wp\/v2\/media\/8535"}],"wp:attachment":[{"href":"https:\/\/dilmah-ingatlan.hu\/index.php?rest_route=%2Fwp%2Fv2%2Fmedia&parent=8533"}],"curies":[{"name":"wp","href":"https:\/\/api.w.org\/{rel}","templated":true}]}}