{"id":8462,"date":"2025-09-26T10:04:12","date_gmt":"2025-09-26T08:04:12","guid":{"rendered":"https:\/\/dilmah-ingatlan.hu\/?post_type=product&#038;p=8462"},"modified":"2025-10-09T11:09:02","modified_gmt":"2025-10-09T09:09:02","slug":"kiado-lakas-a-hajos-utcaban-93-m2-4-szoba","status":"publish","type":"product","link":"https:\/\/dilmah-ingatlan.hu\/?product=kiado-lakas-a-hajos-utcaban-93-m2-4-szoba","title":{"rendered":"Kiad\u00f3 lak\u00e1s a Haj\u00f3s utc\u00e1ban &#8211; 93 m2, 4 szoba"},"content":{"rendered":"<p>Teljesk\u00f6r\u0171en fel\u00faj\u00edtott, ig\u00e9nyes \u00e9s modern lak\u00e1s kiad\u00f3 Budapest sz\u00edv\u00e9ben, p\u00e1r l\u00e9p\u00e9sre az Oper\u00e1t\u00f3l a Haj\u00f3s utc\u00e1ban. A 93 m\u00b2-es lak\u00e1s a 2. emeleten tal\u00e1lhat\u00f3, amely 3 szob\u00e1val \u00e9s 3 f\u00fcrd\u0151szob\u00e1val rendelkezik. A f\u00fcrd\u0151szob\u00e1k k\u00f6z\u00fcl kett\u0151 zuhanyz\u00f3val, egy pedig k\u00e1ddal felszerelt. A lak\u00e1s k\u00fcl\u00f6n konyh\u00e1val \u00e9s nappalival rendelkezik, melyek k\u00e9nyelmes \u00e9s otthonos l\u00e9gk\u00f6rt biztos\u00edtanak. Ide\u00e1lis v\u00e1laszt\u00e1s azoknak, akik min\u0151s\u00e9gi, modern otthont keresnek a v\u00e1ros egyik legvonz\u00f3bb r\u00e9sz\u00e9n.<\/p>\n","protected":false},"excerpt":{"rendered":"<p>Teljesk\u00f6r\u0171en fel\u00faj\u00edtott, ig\u00e9nyes \u00e9s modern lak\u00e1s kiad\u00f3 Budapest sz\u00edv\u00e9ben, p\u00e1r l\u00e9p\u00e9sre az Oper\u00e1t\u00f3l a Haj\u00f3s utc\u00e1ban. A 93 m\u00b2-es lak\u00e1s a 2. emeleten tal\u00e1lhat\u00f3, amely 3 szob\u00e1val \u00e9s 3 f\u00fcrd\u0151szob\u00e1val rendelkezik. A f\u00fcrd\u0151szob\u00e1k k\u00f6z\u00fcl kett\u0151 zuhanyz\u00f3val, egy pedig k\u00e1ddal felszerelt. A lak\u00e1s k\u00fcl\u00f6n konyh\u00e1val \u00e9s nappalival rendelkezik, melyek k\u00e9nyelmes \u00e9s otthonos l\u00e9gk\u00f6rt biztos\u00edtanak. Ide\u00e1lis v\u00e1laszt\u00e1s [&hellip;]<\/p>\n","protected":false},"featured_media":0,"template":"","meta":{"_et_pb_use_builder":"","_et_pb_old_content":"","_et_gb_content_width":"","spay_email":"","jetpack_publicize_message":"","jetpack_is_tweetstorm":false},"jetpack_publicize_connections":[],"jetpack_sharing_enabled":true,"_links":{"self":[{"href":"https:\/\/dilmah-ingatlan.hu\/index.php?rest_route=\/wp\/v2\/product\/8462"}],"collection":[{"href":"https:\/\/dilmah-ingatlan.hu\/index.php?rest_route=\/wp\/v2\/product"}],"about":[{"href":"https:\/\/dilmah-ingatlan.hu\/index.php?rest_route=\/wp\/v2\/types\/product"}],"wp:attachment":[{"href":"https:\/\/dilmah-ingatlan.hu\/index.php?rest_route=%2Fwp%2Fv2%2Fmedia&parent=8462"}],"curies":[{"name":"wp","href":"https:\/\/api.w.org\/{rel}","templated":true}]}}