{"id":8453,"date":"2025-09-25T22:02:00","date_gmt":"2025-09-25T20:02:00","guid":{"rendered":"https:\/\/dilmah-ingatlan.hu\/?post_type=product&#038;p=8453"},"modified":"2025-09-25T22:02:01","modified_gmt":"2025-09-25T20:02:01","slug":"elado-lakas-vaci-ut-xiii-ker-58-m2","status":"publish","type":"product","link":"https:\/\/dilmah-ingatlan.hu\/?product=elado-lakas-vaci-ut-xiii-ker-58-m2","title":{"rendered":"Elad\u00f3 lak\u00e1s V\u00e1ci \u00fat XIII. ker &#8211; 58 m2"},"content":{"rendered":"<p data-pm-slice=\"1 1 []\">Elad\u00f3 a XIII. ker\u00fcletben, V\u00e1ci \u00faton a Bessenyei utca \u00e9s a Tutaj utca k\u00f6z\u00f6tt 2. emeleti, 58 n\u00e9gyzetm\u00e9teres lak\u00e1s<\/p>\n<p>4 n\u00e9gyzetm\u00e9teres \u00fcvegezett erk\u00e9llyel. A lak\u00e1s napf\u00e9nyes, az egyik szoba az utc\u00e1ra, a m\u00e1sik egy fitness parkra n\u00e9z.<\/p>\n<p>A szob\u00e1k egybe \u00e9s k\u00fcl\u00f6n is ny\u00edlnak. M\u0171anyag ablakok, sz\u00fanyogh\u00e1l\u00f3 \u00e9s red\u0151ny az ablakokon. Parkol\u00e1s a h\u00e1z m\u00f6g\u00f6tti parkol\u00f3ban lehets\u00e9ges.<\/p>\n<p>A lak\u00e1shoz tartozik saj\u00e1t pince. A f\u0171t\u00e9s t\u00e1vf\u0171t\u00e9s, 11 000 Ft havonta. M3 metr\u00f3, 75, 76, 79-es troli, 15-\u00f6s busz, 14-es villamos 5 perc s\u00e9ta.<\/p>\n<p>P\u00e1r perc a Lehel piac, orvosi rendel\u0151, gy\u00f3gyszert\u00e1r, \u00f3voda, iskola, Aldi, Lidl, Spar, CBA.<\/p>\n","protected":false},"excerpt":{"rendered":"<p>Elad\u00f3 a XIII. ker\u00fcletben, V\u00e1ci \u00faton a Bessenyei utca \u00e9s a Tutaj utca k\u00f6z\u00f6tt 2. emeleti, 58 n\u00e9gyzetm\u00e9teres lak\u00e1s 4 n\u00e9gyzetm\u00e9teres \u00fcvegezett erk\u00e9llyel. A lak\u00e1s napf\u00e9nyes, az egyik szoba az utc\u00e1ra, a m\u00e1sik egy fitness parkra n\u00e9z. A szob\u00e1k egybe \u00e9s k\u00fcl\u00f6n is ny\u00edlnak. M\u0171anyag ablakok, sz\u00fanyogh\u00e1l\u00f3 \u00e9s red\u0151ny az ablakokon. Parkol\u00e1s a h\u00e1z m\u00f6g\u00f6tti [&hellip;]<\/p>\n","protected":false},"featured_media":8454,"template":"","meta":{"_et_pb_use_builder":"","_et_pb_old_content":"","_et_gb_content_width":"","spay_email":"","jetpack_publicize_message":"","jetpack_is_tweetstorm":false},"jetpack_publicize_connections":[],"jetpack_sharing_enabled":true,"_links":{"self":[{"href":"https:\/\/dilmah-ingatlan.hu\/index.php?rest_route=\/wp\/v2\/product\/8453"}],"collection":[{"href":"https:\/\/dilmah-ingatlan.hu\/index.php?rest_route=\/wp\/v2\/product"}],"about":[{"href":"https:\/\/dilmah-ingatlan.hu\/index.php?rest_route=\/wp\/v2\/types\/product"}],"wp:featuredmedia":[{"embeddable":true,"href":"https:\/\/dilmah-ingatlan.hu\/index.php?rest_route=\/wp\/v2\/media\/8454"}],"wp:attachment":[{"href":"https:\/\/dilmah-ingatlan.hu\/index.php?rest_route=%2Fwp%2Fv2%2Fmedia&parent=8453"}],"curies":[{"name":"wp","href":"https:\/\/api.w.org\/{rel}","templated":true}]}}