{"id":8306,"date":"2025-09-25T13:09:24","date_gmt":"2025-09-25T11:09:24","guid":{"rendered":"https:\/\/dilmah-ingatlan.hu\/?post_type=product&#038;p=8306"},"modified":"2025-10-11T12:52:01","modified_gmt":"2025-10-11T10:52:01","slug":"8306","status":"publish","type":"product","link":"https:\/\/dilmah-ingatlan.hu\/?product=8306","title":{"rendered":"Budapest XIII. ker\u00fclet, Angyalf\u00f6ld, Mosoly utca, Elad\u00f3 t\u00e9gla lak\u00e1s"},"content":{"rendered":"<p>Elad\u00f3 teljesen fel\u00faj\u00edtott szuter\u00e9n st\u00fadi\u00f3 lak\u00e1s a 13. ker\u00fclet frekvent\u00e1lt r\u00e9sz\u00e9n<\/p>\n<p>K\u00fcl\u00f6nleges aj\u00e1nlat: 2 db berendezett lak\u00e1s airbnb lehet\u0151s\u00e9ggel elad\u00f3 az Angyalf\u00f6ld kertv\u00e1rosi r\u00e9sz\u00e9n tal\u00e1lhat\u00f3 Mosoly utc\u00e1ban.<\/p>\n<p>A lak\u00e1sok egyenk\u00e9nt 40 \u00e9s 55 m2 -ek \u00e9s ak\u00e1r k\u00fcl\u00f6n &#8211; k\u00fcl\u00f6n is megv\u00e1s\u00e1rolhat\u00f3k.<br \/>\nA f\u0171t\u00e9st elektromos, \u00faj gener\u00e1ci\u00f3s, h\u0151t\u00e1rol\u00f3s f\u0171t\u0151panel biztos\u00edtja. A lak\u00e1s t\u00e1gas, vil\u00e1gos.<br \/>\nA k\u00e9pen l\u00e1that\u00f3 \u00f6sszes berendez\u00e9si t\u00e1rgy k\u00fcl\u00f6n meg\u00e1llapod\u00e1s t\u00e1rgya.<\/p>\n<p>A t\u00e1rsash\u00e1z ig\u00e9nyes, sz\u00e9p &#8211; nyugodt lak\u00f3k\u00f6z\u00f6ss\u00e9g jellemzi.<\/p>\n<p>Be\u00e9p\u00edtett konyhab\u00fator<br \/>\nAlacsony rezsi: kb. 20 000 Ft\/h\u00f3<br \/>\nK\u00f6z\u00f6s k\u00f6lts\u00e9g: 23 000 Ft\/h\u00f3<br \/>\nTehermentes, 1\/1 tulajdon<br \/>\nZ\u00e1rt, nagy k\u00f6z\u00f6s kert j\u00e1tsz\u00f3t\u00e9rrel<br \/>\nParkol\u00e1s az utc\u00e1n<br \/>\nKer\u00e9kp\u00e1rt\u00e1rol\u00f3 a h\u00e1zban<br \/>\nNyugodt k\u00f6rny\u00e9k, t\u00f6bb park a k\u00f6zelben<\/p>\n<p>Ide\u00e1lis els\u0151 lak\u00e1snak vagy befektet\u00e9snek is.<br \/>\nMegtekint\u00e9s id\u0151pont egyeztet\u00e9ssel lehets\u00e9ges.<\/p>\n<p>\u00c9rdekl\u0151dj\u00f6n \u00fczenetben vagy telefonon!<\/p>\n<div><b>Szab\u00f3 N\u00f3ra<\/b><\/div>\n<div>Kiemelt \u00c9rt\u00e9kes\u00edt\u0151<\/div>\n<div>Telefon:\u00a0<a>+36 70 326 5827<\/a><\/div>\n<div>E-mail:\u00a0<a href=\"mailto:ingatlaniroda.kinga.aa@gmail.com\" target=\"_blank\" rel=\"noopener\">ingatlaniroda.livia.aa@gmail.com<\/a><\/div>\n","protected":false},"excerpt":{"rendered":"<p style=\"text-align: center\"><strong>Elad\u00f3 teljesen fel\u00faj\u00edtott szuter\u00e9n st\u00fadi\u00f3 lak\u00e1s a 13. ker\u00fclet frekvent\u00e1lt r\u00e9sz\u00e9n a Mosoly utc\u00e1ban<\/strong><br \/>\n<strong>Ez a hirdet\u00e9s nem felel meg a FIX 3%-os programnak!<\/strong><\/p>\n<p style=\"text-align: center\">\u00c1r: 93 600 000.- HUF \/ Alapter\u00fclet 95 m2 \/ Szob\u00e1k 2<\/p>\n<p><img loading=\"lazy\" class=\"size-medium wp-image-8315 aligncenter\" src=\"https:\/\/dilmah-ingatlan.hu\/wp-content\/uploads\/2025\/09\/IMG_8537-1-225x300.jpg\" alt=\"\" width=\"225\" height=\"300\" \/><\/p>\n<p><img loading=\"lazy\" class=\"size-medium wp-image-8314 aligncenter\" src=\"https:\/\/dilmah-ingatlan.hu\/wp-content\/uploads\/2025\/09\/IMG_8534-1-300x225.jpg\" alt=\"\" width=\"300\" height=\"225\" \/><\/p>\n<p><img loading=\"lazy\" class=\"size-medium wp-image-8311 aligncenter\" src=\"https:\/\/dilmah-ingatlan.hu\/wp-content\/uploads\/2025\/09\/IMG_8531-300x225.jpg\" alt=\"\" width=\"300\" height=\"225\" \/><\/p>\n<p><img loading=\"lazy\" class=\"size-medium wp-image-8310 aligncenter\" src=\"https:\/\/dilmah-ingatlan.hu\/wp-content\/uploads\/2025\/09\/IMG_8530-225x300.jpg\" alt=\"\" width=\"225\" height=\"300\" \/><\/p>\n<p><img loading=\"lazy\" class=\"size-medium wp-image-8308 aligncenter\" src=\"https:\/\/dilmah-ingatlan.hu\/wp-content\/uploads\/2025\/09\/IMG_8527-225x300.jpg\" alt=\"\" width=\"225\" height=\"300\" \/><\/p>\n<p><img loading=\"lazy\" class=\"size-medium wp-image-8324 aligncenter\" src=\"https:\/\/dilmah-ingatlan.hu\/wp-content\/uploads\/2025\/09\/IMG_8551-300x225.jpg\" alt=\"\" width=\"300\" height=\"225\" \/><\/p>\n","protected":false},"featured_media":8315,"template":"","meta":{"_et_pb_use_builder":"","_et_pb_old_content":"","_et_gb_content_width":"","spay_email":"","jetpack_publicize_message":"","jetpack_is_tweetstorm":false},"jetpack_publicize_connections":[],"jetpack_sharing_enabled":true,"_links":{"self":[{"href":"https:\/\/dilmah-ingatlan.hu\/index.php?rest_route=\/wp\/v2\/product\/8306"}],"collection":[{"href":"https:\/\/dilmah-ingatlan.hu\/index.php?rest_route=\/wp\/v2\/product"}],"about":[{"href":"https:\/\/dilmah-ingatlan.hu\/index.php?rest_route=\/wp\/v2\/types\/product"}],"wp:featuredmedia":[{"embeddable":true,"href":"https:\/\/dilmah-ingatlan.hu\/index.php?rest_route=\/wp\/v2\/media\/8315"}],"wp:attachment":[{"href":"https:\/\/dilmah-ingatlan.hu\/index.php?rest_route=%2Fwp%2Fv2%2Fmedia&parent=8306"}],"curies":[{"name":"wp","href":"https:\/\/api.w.org\/{rel}","templated":true}]}}