{"id":8284,"date":"2025-09-25T12:23:34","date_gmt":"2025-09-25T10:23:34","guid":{"rendered":"https:\/\/dilmah-ingatlan.hu\/?post_type=product&#038;p=8284"},"modified":"2025-10-09T11:16:07","modified_gmt":"2025-10-09T09:16:07","slug":"kiado-lakas-a-bosnyak-utcaban","status":"publish","type":"product","link":"https:\/\/dilmah-ingatlan.hu\/?product=kiado-lakas-a-bosnyak-utcaban","title":{"rendered":"Kiad\u00f3 lak\u00e1s a Bosny\u00e1k utc\u00e1ban"},"content":{"rendered":"<p>Kiad\u00f3 a XIV. ker\u00fcletben, a Bosny\u00e1k t\u00e9r k\u00f6zel\u00e9ben a Metrodom lak\u00f3parkban egy harmadik emelti, erk\u00e9lyes, m\u00e1sf\u00e9l szob\u00e1s lak\u00e1s!<br \/>\nA 40 m2-es, okosotthon rendszer\u0171 lak\u00e1s erk\u00e9lye a csendes bels\u0151 udvarra n\u00e9z.<\/p>\n<p>A ny\u00edl\u00e1sz\u00e1r\u00f3k sz\u00fanyogh\u00e1l\u00f3val \u00e9s elektromos red\u0151nnyel felszereltek.<br \/>\nMennyezeti h\u0171t\u00e9s-f\u0171t\u00e9s biztos\u00edtja a megfelel\u0151 h\u0151m\u00e9rs\u00e9kletet t\u00e9len-ny\u00e1ron.<\/p>\n<p>A konyha teljesen g\u00e9pes\u00edtett. A lak\u00e1s b\u00fatorozottan kiad\u00f3, de ig\u00e9ny eset\u00e9n b\u00fator n\u00e9lk\u00fcl is megoldhat\u00f3.<br \/>\nA b\u00e9rleti d\u00edj tartalmaz a m\u00e9lygar\u00e1zsban egy parkol\u00f3 helyet.<br \/>\nDoh\u00e1nyz\u00e1s a lak\u00e1sban nem, csak az erk\u00e9lyen enged\u00e9lyezett. Kis\u00e1llat megbesz\u00e9l\u00e9s szerint hozhat\u00f3.<\/p>\n<p>Lakb\u00e9r 300.000 Ft\/h\u00f3 + 2 havi kauci\u00f3 kifizet\u00e9se a szerz\u0151d\u00e9sk\u00f6t\u00e9skor.<br \/>\nHossz\u00fat\u00e1vra kiad\u00f3 (min. 1 \u00e9v), csak k\u00f6zjegyz\u0151s szerz\u0151d\u00e9ssel.<\/p>\n<p>Megtekint\u00e9s el\u0151re egyeztetett id\u0151pontban t\u00f6rt\u00e9nik.<\/p>\n","protected":false},"excerpt":{"rendered":"<p>Kiad\u00f3 a XIV. ker\u00fcletben, a Bosny\u00e1k t\u00e9r k\u00f6zel\u00e9ben a Metrodom lak\u00f3parkban egy harmadik emelti, erk\u00e9lyes, m\u00e1sf\u00e9l szob\u00e1s lak\u00e1s! A 40 m2-es, okosotthon rendszer\u0171 lak\u00e1s erk\u00e9lye a csendes bels\u0151 udvarra n\u00e9z. A ny\u00edl\u00e1sz\u00e1r\u00f3k sz\u00fanyogh\u00e1l\u00f3val \u00e9s elektromos red\u0151nnyel felszereltek. Mennyezeti h\u0171t\u00e9s-f\u0171t\u00e9s biztos\u00edtja a megfelel\u0151 h\u0151m\u00e9rs\u00e9kletet t\u00e9len-ny\u00e1ron. A konyha teljesen g\u00e9pes\u00edtett. A lak\u00e1s b\u00fatorozottan kiad\u00f3, de ig\u00e9ny eset\u00e9n [&hellip;]<\/p>\n","protected":false},"featured_media":8286,"template":"","meta":{"_et_pb_use_builder":"","_et_pb_old_content":"","_et_gb_content_width":"","spay_email":"","jetpack_publicize_message":"","jetpack_is_tweetstorm":false},"jetpack_publicize_connections":[],"jetpack_sharing_enabled":true,"_links":{"self":[{"href":"https:\/\/dilmah-ingatlan.hu\/index.php?rest_route=\/wp\/v2\/product\/8284"}],"collection":[{"href":"https:\/\/dilmah-ingatlan.hu\/index.php?rest_route=\/wp\/v2\/product"}],"about":[{"href":"https:\/\/dilmah-ingatlan.hu\/index.php?rest_route=\/wp\/v2\/types\/product"}],"wp:featuredmedia":[{"embeddable":true,"href":"https:\/\/dilmah-ingatlan.hu\/index.php?rest_route=\/wp\/v2\/media\/8286"}],"wp:attachment":[{"href":"https:\/\/dilmah-ingatlan.hu\/index.php?rest_route=%2Fwp%2Fv2%2Fmedia&parent=8284"}],"curies":[{"name":"wp","href":"https:\/\/api.w.org\/{rel}","templated":true}]}}