{"id":8270,"date":"2025-09-25T11:57:04","date_gmt":"2025-09-25T09:57:04","guid":{"rendered":"https:\/\/dilmah-ingatlan.hu\/?post_type=product&#038;p=8270"},"modified":"2025-10-09T11:18:57","modified_gmt":"2025-10-09T09:18:57","slug":"kiado-lakas-a-damjanich-utcaban","status":"publish","type":"product","link":"https:\/\/dilmah-ingatlan.hu\/?product=kiado-lakas-a-damjanich-utcaban","title":{"rendered":"Kiad\u00f3 lak\u00e1s a Damjanich utc\u00e1ban"},"content":{"rendered":"<p>Kiad\u00f3 a VII. ker\u00fcletben, a V\u00e1rosliget k\u00f6zel\u00e9ben a Damjanich utc\u00e1ban egy fel\u00faj\u00edtott, 64 m2, k\u00e9t szob\u00e1s lak\u00e1s!<\/p>\n<p>Az ingatlanba kis\u00e1llat hozhat\u00f3!<br \/>\nA lak\u00e1s csendes-vil\u00e1gos, g\u00e9pes\u00edtett, r\u00e9szben b\u00fatorozott, de hatalmas be\u00e9p\u00edtett szekr\u00e9nyekkel rendelkezik.<br \/>\nNappali-h\u00e1l\u00f3szoba-dolgoz\u00f3sarok eloszt\u00e1s\u00fa. K\u00e9t f\u0151nek a legide\u00e1lisabb.<\/p>\n<p>Akinek fontos az infrastrukt\u00fara \u00e9s a liget k\u00f6zels\u00e9ge, tekintettel, ha van kuty\u00e1ja, akkor a legide\u00e1lisabb v\u00e1laszt\u00e1s lehet.<\/p>\n<p>Megtekint\u00e9s el\u0151re egyeztetett id\u0151pontban, de rugalmasan m\u0171k\u00f6dik.<\/p>\n","protected":false},"excerpt":{"rendered":"<p>Kiad\u00f3 a VII. ker\u00fcletben, a V\u00e1rosliget k\u00f6zel\u00e9ben a Damjanich utc\u00e1ban egy fel\u00faj\u00edtott, 64 m2, k\u00e9t szob\u00e1s lak\u00e1s! Az ingatlanba kis\u00e1llat hozhat\u00f3! A lak\u00e1s csendes-vil\u00e1gos, g\u00e9pes\u00edtett, r\u00e9szben b\u00fatorozott, de hatalmas be\u00e9p\u00edtett szekr\u00e9nyekkel rendelkezik. Nappali-h\u00e1l\u00f3szoba-dolgoz\u00f3sarok eloszt\u00e1s\u00fa. K\u00e9t f\u0151nek a legide\u00e1lisabb. Akinek fontos az infrastrukt\u00fara \u00e9s a liget k\u00f6zels\u00e9ge, tekintettel, ha van kuty\u00e1ja, akkor a legide\u00e1lisabb v\u00e1laszt\u00e1s lehet. [&hellip;]<\/p>\n","protected":false},"featured_media":8274,"template":"","meta":{"_et_pb_use_builder":"","_et_pb_old_content":"","_et_gb_content_width":"","spay_email":"","jetpack_publicize_message":"","jetpack_is_tweetstorm":false},"jetpack_publicize_connections":[],"jetpack_sharing_enabled":true,"_links":{"self":[{"href":"https:\/\/dilmah-ingatlan.hu\/index.php?rest_route=\/wp\/v2\/product\/8270"}],"collection":[{"href":"https:\/\/dilmah-ingatlan.hu\/index.php?rest_route=\/wp\/v2\/product"}],"about":[{"href":"https:\/\/dilmah-ingatlan.hu\/index.php?rest_route=\/wp\/v2\/types\/product"}],"wp:featuredmedia":[{"embeddable":true,"href":"https:\/\/dilmah-ingatlan.hu\/index.php?rest_route=\/wp\/v2\/media\/8274"}],"wp:attachment":[{"href":"https:\/\/dilmah-ingatlan.hu\/index.php?rest_route=%2Fwp%2Fv2%2Fmedia&parent=8270"}],"curies":[{"name":"wp","href":"https:\/\/api.w.org\/{rel}","templated":true}]}}