{"id":8264,"date":"2025-09-25T11:35:38","date_gmt":"2025-09-25T09:35:38","guid":{"rendered":"https:\/\/dilmah-ingatlan.hu\/?post_type=product&#038;p=8264"},"modified":"2025-10-09T11:20:16","modified_gmt":"2025-10-09T09:20:16","slug":"kiado-lakas-a-liszt-ferenc-teren","status":"publish","type":"product","link":"https:\/\/dilmah-ingatlan.hu\/?product=kiado-lakas-a-liszt-ferenc-teren","title":{"rendered":"Kiad\u00f3 lak\u00e1s a Liszt Ferenc t\u00e9ren"},"content":{"rendered":"<p><span style=\"font-size: large\">Kiad\u00f3 a VI. ker\u00fcletben a Liszt Ferenc t\u00e9ren egy f\u00f6ldszinti, 50 m2-es, 1+1 f\u00e9lszob\u00e1s, gal\u00e9ri\u00e1s nagyon eleg\u00e1ns ingatlan.<\/span><\/p>\n<p><span style=\"font-size: large\">A lak\u00e1s fel\u00faj\u00edtott, ny\u00edl\u00e1sz\u00e1r\u00f3k cser\u00e9lve lettek, berendezett \u00e9s g\u00e9pes\u00edtett.<\/span><\/p>\n<p><span style=\"font-size: large\">A lak\u00e1sban nincs g\u00e1z, a f\u0171t\u00e9s elektromos, padl\u00f3f\u0171t\u00e9ssel \u00e9s inverteres l\u00e9gkondicion\u00e1l\u00f3val felszerelt.<\/span><\/p>\n<p><span style=\"font-size: large\">Nagy t\u00e1rol\u00f3 helyis\u00e9gekkel rendelkezik a lak\u00e1s, \u00edgy egy\u00e9b b\u00fatorra nincs sz\u00fcks\u00e9g.<\/span><\/p>\n<p><span style=\"font-size: large\">Az ablakok a csendes bels\u0151 udvarra n\u00e9znek.<\/span><\/p>\n<p><span style=\"font-size: large\">Internet \u00e9s k\u00e1bel tv bek\u00f6tve a lak\u00e1sba.<\/span><\/p>\n<p><span style=\"font-size: large\">Minimum egy \u00e9vre kiad\u00f3 1 havi b\u00e9rleti d\u00edj \u00e9s 2 havi kauci\u00f3 ellen\u00e9ben.<\/span><\/p>\n<p><span style=\"font-size: large\">K\u00f6z\u00f6s k\u00f6lts\u00e9ge 13.000.Ft.<\/span><\/p>\n<p><span style=\"font-size: large\">Megtekint\u00e9s el\u0151re egyeztetett id\u0151pontban lehets\u00e9ges.<\/span><\/p>\n","protected":false},"excerpt":{"rendered":"<p>Kiad\u00f3 a VI. ker\u00fcletben a Liszt Ferenc t\u00e9ren egy f\u00f6ldszinti, 50 m2-es, 1+1 f\u00e9lszob\u00e1s, gal\u00e9ri\u00e1s nagyon eleg\u00e1ns ingatlan. A lak\u00e1s fel\u00faj\u00edtott, ny\u00edl\u00e1sz\u00e1r\u00f3k cser\u00e9lve lettek, berendezett \u00e9s g\u00e9pes\u00edtett. A lak\u00e1sban nincs g\u00e1z, a f\u0171t\u00e9s elektromos, padl\u00f3f\u0171t\u00e9ssel \u00e9s inverteres l\u00e9gkondicion\u00e1l\u00f3val felszerelt. Nagy t\u00e1rol\u00f3 helyis\u00e9gekkel rendelkezik a lak\u00e1s, \u00edgy egy\u00e9b b\u00fatorra nincs sz\u00fcks\u00e9g. Az ablakok a csendes bels\u0151 [&hellip;]<\/p>\n","protected":false},"featured_media":8269,"template":"","meta":{"_et_pb_use_builder":"","_et_pb_old_content":"","_et_gb_content_width":"","spay_email":"","jetpack_publicize_message":"","jetpack_is_tweetstorm":false},"jetpack_publicize_connections":[],"jetpack_sharing_enabled":true,"_links":{"self":[{"href":"https:\/\/dilmah-ingatlan.hu\/index.php?rest_route=\/wp\/v2\/product\/8264"}],"collection":[{"href":"https:\/\/dilmah-ingatlan.hu\/index.php?rest_route=\/wp\/v2\/product"}],"about":[{"href":"https:\/\/dilmah-ingatlan.hu\/index.php?rest_route=\/wp\/v2\/types\/product"}],"wp:featuredmedia":[{"embeddable":true,"href":"https:\/\/dilmah-ingatlan.hu\/index.php?rest_route=\/wp\/v2\/media\/8269"}],"wp:attachment":[{"href":"https:\/\/dilmah-ingatlan.hu\/index.php?rest_route=%2Fwp%2Fv2%2Fmedia&parent=8264"}],"curies":[{"name":"wp","href":"https:\/\/api.w.org\/{rel}","templated":true}]}}