{"id":8234,"date":"2025-09-25T11:27:26","date_gmt":"2025-09-25T09:27:26","guid":{"rendered":"https:\/\/dilmah-ingatlan.hu\/?post_type=product&#038;p=8234"},"modified":"2025-10-09T11:20:59","modified_gmt":"2025-10-09T09:20:59","slug":"kiado-lakas-a-xiii-kerulet-ronyva-utcaban","status":"publish","type":"product","link":"https:\/\/dilmah-ingatlan.hu\/?product=kiado-lakas-a-xiii-kerulet-ronyva-utcaban","title":{"rendered":"Kiad\u00f3 lak\u00e1s a XIII. ker\u00fclet Ronyva utc\u00e1ban"},"content":{"rendered":"<p>Kiad\u00f3 okt\u00f3ber 1-t\u0151l a XIII. ker\u00fcletben a Ronyva utc\u00e1ban egy 70m2-es, f\u00f6ldszinti, h\u00e1rom szob\u00e1s, duplakomfortos (2 WC) lak\u00e1s.<\/p>\n<p>Az ingatlan nem b\u00fatorozott, de g\u00e9pes\u00edtett konyh\u00e1val rendelkezik.<\/p>\n<p>K\u00f6z\u00f6s k\u00f6lts\u00e9ge: 14.950.Ft. A t\u00e1vf\u0171t\u00e9s (m\u00e9r\u0151\u00f3r\u00e1s), a v\u00edz, a villany elsz\u00e1mol\u00e1sa m\u00e9r\u0151\u00f3r\u00e1k alapj\u00e1n t\u00f6rt\u00e9nik.<\/p>\n<p>Kis\u00e1llat hozhat\u00f3, de term\u00e9szetesen megbesz\u00e9l\u00e9s alapj\u00e1n.<br \/>\n\u00c1lland\u00f3 lakc\u00edmbejelent\u00e9s megengedett, \u00edgy a k\u00f6zter\u00fcleti parkol\u00e1s ingyenes.<\/p>\n<p>A k\u00f6rny\u00e9k infrastrukt\u00far\u00e1ja kiv\u00e1l\u00f3, kellemes lak\u00f3\u00f6vezet jellemzi, r\u00f6vid id\u0151 alatt megk\u00f6zel\u00edthet\u0151 a belv\u00e1ros, a Margitsziget, a Dunapart. A k\u00f6zelben nagyon sok \u00fczlet, k\u00e1v\u00e9z\u00f3, \u00e9tterem, szolg\u00e1ltat\u00f3helyek, j\u00e1tsz\u00f3terek, iskol\u00e1k, stb. teszik k\u00e9nyelmess\u00e9 az itt lak\u00f3k mindennapi \u00e9let\u00e9t.<\/p>\n<p>A lak\u00e1s 2 havi kauci\u00f3 + 1 havi b\u00e9rleti d\u00edj megfizet\u00e9se ellen\u00e9ben, illetve k\u00f6zjegyz\u0151i z\u00e1rad\u00e9k sz\u00fcks\u00e9ges, ennek a d\u00edjnak a fele a b\u00e9rl\u0151t terheli. Kiz\u00e1r\u00f3lag hossz\u00fa t\u00e1vra (minimum 1 \u00e9vre) b\u00e9rbe ad\u00f3.<\/p>\n<p>Megtekint\u00e9s el\u0151re egyeztetett id\u0151pontban lehets\u00e9ges.<\/p>\n","protected":false},"excerpt":{"rendered":"<p>Kiad\u00f3 okt\u00f3ber 1-t\u0151l a XIII. ker\u00fcletben a Ronyva utc\u00e1ban egy 70m2-es, f\u00f6ldszinti, h\u00e1rom szob\u00e1s, duplakomfortos (2 WC) lak\u00e1s. Az ingatlan nem b\u00fatorozott, de g\u00e9pes\u00edtett konyh\u00e1val rendelkezik. K\u00f6z\u00f6s k\u00f6lts\u00e9ge: 14.950.Ft. A t\u00e1vf\u0171t\u00e9s (m\u00e9r\u0151\u00f3r\u00e1s), a v\u00edz, a villany elsz\u00e1mol\u00e1sa m\u00e9r\u0151\u00f3r\u00e1k alapj\u00e1n t\u00f6rt\u00e9nik. Kis\u00e1llat hozhat\u00f3, de term\u00e9szetesen megbesz\u00e9l\u00e9s alapj\u00e1n. \u00c1lland\u00f3 lakc\u00edmbejelent\u00e9s megengedett, \u00edgy a k\u00f6zter\u00fcleti parkol\u00e1s ingyenes. A [&hellip;]<\/p>\n","protected":false},"featured_media":8263,"template":"","meta":{"_et_pb_use_builder":"","_et_pb_old_content":"","_et_gb_content_width":"","spay_email":"","jetpack_publicize_message":"","jetpack_is_tweetstorm":false},"jetpack_publicize_connections":[],"jetpack_sharing_enabled":true,"_links":{"self":[{"href":"https:\/\/dilmah-ingatlan.hu\/index.php?rest_route=\/wp\/v2\/product\/8234"}],"collection":[{"href":"https:\/\/dilmah-ingatlan.hu\/index.php?rest_route=\/wp\/v2\/product"}],"about":[{"href":"https:\/\/dilmah-ingatlan.hu\/index.php?rest_route=\/wp\/v2\/types\/product"}],"wp:featuredmedia":[{"embeddable":true,"href":"https:\/\/dilmah-ingatlan.hu\/index.php?rest_route=\/wp\/v2\/media\/8263"}],"wp:attachment":[{"href":"https:\/\/dilmah-ingatlan.hu\/index.php?rest_route=%2Fwp%2Fv2%2Fmedia&parent=8234"}],"curies":[{"name":"wp","href":"https:\/\/api.w.org\/{rel}","templated":true}]}}