{"id":8207,"date":"2025-09-25T11:13:09","date_gmt":"2025-09-25T09:13:09","guid":{"rendered":"https:\/\/dilmah-ingatlan.hu\/?post_type=product&#038;p=8207"},"modified":"2025-10-09T11:21:35","modified_gmt":"2025-10-09T09:21:35","slug":"kiado-lakas-a-szent-istvan-park-kozeleben","status":"publish","type":"product","link":"https:\/\/dilmah-ingatlan.hu\/?product=kiado-lakas-a-szent-istvan-park-kozeleben","title":{"rendered":"Kiad\u00f3 lak\u00e1s a Szent Istv\u00e1n park k\u00f6zel\u00e9ben"},"content":{"rendered":"<p><span style=\"font-size: large\"><span style=\"color: #101113\"><span style=\"font-family: IBM Plex Sans, sans-serif\">Kiad\u00f3 a <\/span><\/span><span style=\"color: #101113\"><span style=\"font-family: IBM Plex Sans, sans-serif\">XIII. ker\u00fclet \u00dajlip\u00f3tv\u00e1rosban a<\/span><\/span><span style=\"color: #101113\"><span style=\"font-family: IBM Plex Sans, sans-serif\"> Szent Istv\u00e1n Park-<\/span><\/span><span style=\"color: #101113\"><span style=\"font-family: IBM Plex Sans, sans-serif\">Pozsonyi \u00faton<\/span><\/span> <span style=\"color: #101113\"><span style=\"font-family: IBM Plex Sans, sans-serif\">egy els\u0151 emeleti,<\/span><\/span> <span style=\"color: #101113\"><span style=\"font-family: IBM Plex Sans, sans-serif\">csendes, <\/span><\/span><span style=\"color: #101113\"><span style=\"font-family: IBM Plex Sans, sans-serif\">erk\u00e9l<\/span><\/span><span style=\"color: #101113\"><span style=\"font-family: IBM Plex Sans, sans-serif\">yes, 84 m2, k\u00e9t szob\u00e1s, fel\u00faj\u00edtott lak\u00e1s!<\/span><\/span><\/span><\/p>\n<p><span style=\"color: #101113\"><span style=\"font-family: IBM Plex Sans, sans-serif\">A lak\u00e1s elrendez\u00e9se: <\/span><\/span><span style=\"color: #101113\"><span style=\"font-family: IBM Plex Sans, sans-serif\">el\u0151szoba, k\u00fcl\u00f6n\u00e1ll\u00f3 konyha, \u00e9tkez\u0151, nappali, 1 h\u00e1l\u00f3szoba, WC, f\u00fcrd\u0151szoba, <\/span><\/span><span style=\"color: #101113\"><span style=\"font-family: IBM Plex Sans, sans-serif\">erk\u00e9ly.<\/span><\/span><\/p>\n<p><span style=\"color: #101113\"><span style=\"font-family: IBM Plex Sans, sans-serif\">A lak\u00e1s <\/span><\/span><span style=\"color: #101113\"><span style=\"font-family: IBM Plex Sans, sans-serif\">h\u00e1zk\u00f6zponti f\u0171t\u00e9ses 18.000,Ft\/h\u00f3<\/span><\/span><span style=\"color: #101113\"><span style=\"font-family: IBM Plex Sans, sans-serif\">. <\/span><\/span><span style=\"color: #101113\"><span style=\"font-family: IBM Plex Sans, sans-serif\">K\u00f6z\u00f6s k\u00f6lts\u00e9ge 35.000.Ft-v\u00edzd\u00edjjal egy\u00fctt. <\/span><\/span><span style=\"color: #101113\"><span style=\"font-family: IBM Plex Sans, sans-serif\">L\u00e9gkondicion\u00e1lt.<\/span><\/span><\/p>\n<p><span style=\"font-size: large\"><span style=\"color: #101113\"><span style=\"font-family: IBM Plex Sans, sans-serif\">B\u00fatorozott a lak\u00e1s, de ez <\/span><\/span><span style=\"color: #101113\"><span style=\"font-family: IBM Plex Sans, sans-serif\">megegyez\u00e9s szerint <\/span><\/span><span style=\"color: #101113\"><span style=\"font-family: IBM Plex Sans, sans-serif\">m\u00f3dos\u00edthat\u00f3.<\/span><\/span><\/span><\/p>\n<p><span style=\"color: #101113\"><span style=\"font-family: IBM Plex Sans, sans-serif\">P\u00e1roknak a legide\u00e1lisabb v\u00e1laszt\u00e1s.<\/span><\/span><\/p>\n<p>A t<span style=\"color: #101113\"><span style=\"font-family: IBM Plex Sans, sans-serif\">\u00f6megk\u00f6zleked\u00e9s <\/span><\/span><span style=\"color: #101113\"><span style=\"font-family: IBM Plex Sans, sans-serif\">(75, 76 troli)<\/span><\/span><span style=\"color: #101113\"><span style=\"font-family: IBM Plex Sans, sans-serif\"> \u00e9s <\/span><\/span><span style=\"color: #101113\"><span style=\"font-family: IBM Plex Sans, sans-serif\">az <\/span><\/span><span style=\"color: #101113\"><span style=\"font-family: IBM Plex Sans, sans-serif\">infrastrukt\u00fara kiv\u00e1l\u00f3, <\/span><\/span><span style=\"color: #101113\"><span style=\"font-family: IBM Plex Sans, sans-serif\">a k\u00f6zelben <\/span><\/span><span style=\"color: #101113\"><span style=\"font-family: IBM Plex Sans, sans-serif\">\u00fczletek, \u00e9ttermek, k\u00e1v\u00e9z\u00f3k <\/span><\/span><span style=\"color: #101113\"><span style=\"font-family: IBM Plex Sans, sans-serif\">s\u00e9tat\u00e1vols\u00e1gon bel\u00fcl p\u00e1r perc alatt el\u00e9rhet\u0151k.<\/span><\/span><\/p>\n<p><span style=\"color: #101113\"><span style=\"font-family: IBM Plex Sans, sans-serif\"><span style=\"font-size: large\">Megtekint\u00e9s el\u0151re egyeztetett id\u0151pontban lehets\u00e9ges.<\/span><\/span><\/span><\/p>\n","protected":false},"excerpt":{"rendered":"<p>Kiad\u00f3 a XIII. ker\u00fclet \u00dajlip\u00f3tv\u00e1rosban a Szent Istv\u00e1n Park-Pozsonyi \u00faton egy els\u0151 emeleti, csendes, erk\u00e9lyes, 84 m2, k\u00e9t szob\u00e1s, fel\u00faj\u00edtott lak\u00e1s! A lak\u00e1s elrendez\u00e9se: el\u0151szoba, k\u00fcl\u00f6n\u00e1ll\u00f3 konyha, \u00e9tkez\u0151, nappali, 1 h\u00e1l\u00f3szoba, WC, f\u00fcrd\u0151szoba, erk\u00e9ly. A lak\u00e1s h\u00e1zk\u00f6zponti f\u0171t\u00e9ses 18.000,Ft\/h\u00f3. K\u00f6z\u00f6s k\u00f6lts\u00e9ge 35.000.Ft-v\u00edzd\u00edjjal egy\u00fctt. L\u00e9gkondicion\u00e1lt. B\u00fatorozott a lak\u00e1s, de ez megegyez\u00e9s szerint m\u00f3dos\u00edthat\u00f3. P\u00e1roknak a legide\u00e1lisabb [&hellip;]<\/p>\n","protected":false},"featured_media":8230,"template":"","meta":{"_et_pb_use_builder":"","_et_pb_old_content":"","_et_gb_content_width":"","spay_email":"","jetpack_publicize_message":"","jetpack_is_tweetstorm":false},"jetpack_publicize_connections":[],"jetpack_sharing_enabled":true,"_links":{"self":[{"href":"https:\/\/dilmah-ingatlan.hu\/index.php?rest_route=\/wp\/v2\/product\/8207"}],"collection":[{"href":"https:\/\/dilmah-ingatlan.hu\/index.php?rest_route=\/wp\/v2\/product"}],"about":[{"href":"https:\/\/dilmah-ingatlan.hu\/index.php?rest_route=\/wp\/v2\/types\/product"}],"wp:featuredmedia":[{"embeddable":true,"href":"https:\/\/dilmah-ingatlan.hu\/index.php?rest_route=\/wp\/v2\/media\/8230"}],"wp:attachment":[{"href":"https:\/\/dilmah-ingatlan.hu\/index.php?rest_route=%2Fwp%2Fv2%2Fmedia&parent=8207"}],"curies":[{"name":"wp","href":"https:\/\/api.w.org\/{rel}","templated":true}]}}