{"id":8127,"date":"2025-09-25T09:21:22","date_gmt":"2025-09-25T07:21:22","guid":{"rendered":"https:\/\/dilmah-ingatlan.hu\/?post_type=product&#038;p=8127"},"modified":"2025-09-25T09:23:12","modified_gmt":"2025-09-25T07:23:12","slug":"budapest-xiv-kerulet-elado-28-m%c2%b2-es-lakas","status":"publish","type":"product","link":"https:\/\/dilmah-ingatlan.hu\/?product=budapest-xiv-kerulet-elado-28-m%c2%b2-es-lakas","title":{"rendered":"Budapest XIV. ker\u00fclet \u2013 Elad\u00f3 28 m\u00b2-es lak\u00e1s!"},"content":{"rendered":"<div class=\"text\">\n<p>Elad\u00f3 1 szob\u00e1s lak\u00e1s Zugl\u00f3ban, Als\u00f3r\u00e1kos v\u00e1rosr\u00e9szben \u2013 k\u00f6zleked\u00e9s szempontj\u00e1b\u00f3l kiv\u00e1l\u00f3 helyen<\/p>\n<p>Tulajdonost\u00f3l elad\u00f3 Zugl\u00f3 Als\u00f3r\u00e1kos v\u00e1rosr\u00e9sz\u00e9ben egy megk\u00edm\u00e9lt \u00e1llapot\u00fa, egyszob\u00e1s lak\u00e1s, amely ide\u00e1lis els\u0151 otthonnak, befektet\u00e9snek vagy kiad\u00e1sra.<\/p>\n<p>F\u0151bb jellemz\u0151k<\/p>\n<p>K\u00f6zleked\u00e9s: busz- \u00e9s villamosmeg\u00e1ll\u00f3 mind\u00f6ssze 1 perc s\u00e9t\u00e1ra.<br \/>\nBuszok: 5, 973 (\u00e9jszakai j\u00e1rat)<br \/>\nVillamosok: 62, 62A, 69<br \/>\nBelv\u00e1ros: kb. 20 perc alatt k\u00f6nnyen el\u00e9rhet\u0151 t\u00f6megk\u00f6zleked\u00e9ssel.<br \/>\nElhelyezked\u00e9s: f\u00f6ldszintes, csendes, rendezett t\u00e1rsash\u00e1z.<br \/>\nNy\u00edl\u00e1sz\u00e1r\u00f3k: j\u00f3 \u00e1llapotban, amelyek biztos\u00edtj\u00e1k a lak\u00e1s csendess\u00e9g\u00e9t, m\u00e9g a Miskolci utca k\u00f6zels\u00e9ge ellen\u00e9re is.<\/p>\n<p>Extr\u00e1k:<\/p>\n<p>7 m\u00b2-es saj\u00e1t, z\u00e1rhat\u00f3 udvari t\u00e1rol\u00f3<br \/>\nk\u00f6z\u00f6s haszn\u00e1lat\u00fa kert<br \/>\ningyenes parkol\u00e1s az utc\u00e1n<br \/>\nDIGI k\u00e1bel bek\u00f6tve<\/p>\n<p>Tulajdoni h\u00e1tt\u00e9r<\/p>\n<p>Egyed\u00fcli tulajdonos<br \/>\nPer- \u00e9s tehermentes<\/p>\n<p>K\u00f6lts\u00e9gek<\/p>\n<p>K\u00f6z\u00f6s k\u00f6lts\u00e9g: 17.644 Ft\/h\u00f3<\/p>\n<\/div>\n<div class=\"btn-container ng-star-inserted\"><\/div>\n","protected":false},"excerpt":{"rendered":"<p><img loading=\"lazy\" class=\"alignnone size-medium wp-image-8128\" src=\"https:\/\/dilmah-ingatlan.hu\/wp-content\/uploads\/2025\/09\/IMG_20180221_170001-1-300x225.jpg\" alt=\"\" width=\"300\" height=\"225\" \/> <img loading=\"lazy\" class=\"alignnone size-medium wp-image-8130\" src=\"https:\/\/dilmah-ingatlan.hu\/wp-content\/uploads\/2025\/09\/IMG_20180221_171623-1-300x225.jpg\" alt=\"\" width=\"300\" height=\"225\" \/> <img loading=\"lazy\" class=\"alignnone size-medium wp-image-8131\" src=\"https:\/\/dilmah-ingatlan.hu\/wp-content\/uploads\/2025\/09\/IMG_20180323_130124-300x225.jpg\" alt=\"\" width=\"300\" height=\"225\" \/> <img loading=\"lazy\" class=\"alignnone size-medium wp-image-8133\" src=\"https:\/\/dilmah-ingatlan.hu\/wp-content\/uploads\/2025\/09\/IMG_20180323_130144_BURST001_COVER-1-300x225.jpg\" alt=\"\" width=\"300\" height=\"225\" \/> <img loading=\"lazy\" class=\"alignnone size-medium wp-image-8134\" src=\"https:\/\/dilmah-ingatlan.hu\/wp-content\/uploads\/2025\/09\/IMG_20180323_134143_BURST001_COVER-225x300.jpg\" alt=\"\" width=\"225\" height=\"300\" \/><\/p>\n","protected":false},"featured_media":0,"template":"","meta":{"_et_pb_use_builder":"","_et_pb_old_content":"","_et_gb_content_width":"","spay_email":"","jetpack_publicize_message":"","jetpack_is_tweetstorm":false},"jetpack_publicize_connections":[],"jetpack_sharing_enabled":true,"_links":{"self":[{"href":"https:\/\/dilmah-ingatlan.hu\/index.php?rest_route=\/wp\/v2\/product\/8127"}],"collection":[{"href":"https:\/\/dilmah-ingatlan.hu\/index.php?rest_route=\/wp\/v2\/product"}],"about":[{"href":"https:\/\/dilmah-ingatlan.hu\/index.php?rest_route=\/wp\/v2\/types\/product"}],"wp:attachment":[{"href":"https:\/\/dilmah-ingatlan.hu\/index.php?rest_route=%2Fwp%2Fv2%2Fmedia&parent=8127"}],"curies":[{"name":"wp","href":"https:\/\/api.w.org\/{rel}","templated":true}]}}