{"id":8050,"date":"2025-09-24T22:35:04","date_gmt":"2025-09-24T20:35:04","guid":{"rendered":"https:\/\/dilmah-ingatlan.hu\/?post_type=product&#038;p=8050"},"modified":"2025-09-24T23:12:15","modified_gmt":"2025-09-24T21:12:15","slug":"ujepitesu-lakas-a-xiii-keruletben-szerkezetkesz-48m2","status":"publish","type":"product","link":"https:\/\/dilmah-ingatlan.hu\/?product=ujepitesu-lakas-a-xiii-keruletben-szerkezetkesz-48m2","title":{"rendered":"\u00daj\u00e9p\u00edt\u00e9s\u0171 lak\u00e1s a XIII.ker\u00fcletben &#8211; szerkezetk\u00e9sz -48m2"},"content":{"rendered":"<p>Lak\u00e1s, kocsibe\u00e1ll\u00f3 \u00e9s t\u00e1rol\u00f3 egy\u00fctt egy hasonl\u00f3 lak\u00e1s \u00e1r\u00e1\u00e9rt a New Palace lak\u00f3park 3. \u00fctem\u00e9ben!<br \/>\nK\u00f6sse le az ingatlant most, az \u0151szi \u00e1rrobban\u00e1s el\u0151tt \u00e9s legyen az \u00e1remelked\u00e9s nyertese!<br \/>\nAugusztus v\u00e9g\u00e9ig m\u00e9g kiv\u00e1laszthat\u00f3ak a burkolatok, a szaniterek \u00e9s az ajt\u00f3k is!<br \/>\nMag\u00e1nszem\u00e9ly vev\u0151 3,3 mFt \u00c1FA visszaig\u00e9nyl\u00e9sre jogosult!<\/p>\n<p>Az ingatlan a Gy\u00f6ngy\u00f6si utca \u00e9s \u00dajpest-V\u00e1roskapu metr\u00f3meg\u00e1ll\u00f3k k\u00f6z\u00f6tt, de a V\u00e1ci \u00fatt\u00f3l kicsit kijjebb l\u00e9v\u0151, csendes, z\u00f6ld k\u00f6rnyezetben helyezkedik el. A k\u00f6zelben tal\u00e1lhat\u00f3 a Duna Plaza, Lidl \u00e9s Tesco is.<br \/>\nAz \u00faj \u00e9p\u00edt\u00e9s\u0171, 2 szob\u00e1s (nappali + h\u00e1l\u00f3), keleti t\u00e1jol\u00e1s\u00fa lak\u00e1s a 2. emeleten tal\u00e1lhat\u00f3. A t\u00e1gas erk\u00e9ly egy kis t\u00e1rol\u00f3t is mag\u00e1ba foglal, tov\u00e1bb\u00e1 mivel a legnagyobb kertr\u00e9sz fel\u00e9 n\u00e9z, \u00edgy vil\u00e1gosabb \u00e9s bens\u0151s\u00e9gesebb is.<\/p>\n<p>2026.11.30-ig esed\u00e9kes az \u00e1tad\u00e1s. Az \u00e9p\u00edtkez\u00e9s az \u00fctemterv szerint halad, az \u00e9p\u00fclet jelenleg emelt szerkezetk\u00e9sz \u00e1llapot\u00fa. Az ingatlant egy 35 \u00e9ves, megb\u00edzhat\u00f3 \u00e9s tapasztalt kivitelez\u0151 c\u00e9g \u00e9p\u00edti, korszer\u0171 m\u0171szaki tartalommal, min\u0151s\u00e9gi anyagok haszn\u00e1lat\u00e1val, 3-5-10 \u00e9ves garanci\u00e1val. Alap- \u00e9s fel\u00e1ras anyagok sz\u00e9les v\u00e1laszt\u00e9ka \u00e1ll rendelkez\u00e9sre \u00e9s tekinthet\u0151 meg a bemutat\u00f3teremben. Az \u00e9p\u00fclet mellett l\u00e1that\u00f3 a m\u00e1r lakott 1. \u00fctem \u00e9s az idei \u00e9v v\u00e9g\u00e9ig \u00e1tad\u00e1sra ker\u00fcl\u0151 2. \u00fctem. A lak\u00f3park nagy r\u00e9sze m\u00e1r elkelt, 2 szob\u00e1s lak\u00e1sb\u00f3l csak n\u00e9h\u00e1ny, de kisebb alapter\u00fclet\u0171 \u00e9s erk\u00e9ly\u0171 lak\u00e1s \u00e9rhet\u0151 el j\u00f3val dr\u00e1g\u00e1bban, 90 mFt-t\u00f3l.<\/p>\n<p>A lak\u00e1shoz egy 12,5 m2-es kocsibe\u00e1ll\u00f3 \u00e9s egy 4,2 m2-es t\u00e1rol\u00f3 is tartozik a -1. szinten, egym\u00e1s mellett. Ezek\u00e9rt a lak\u00e1s meghirdetett \u00e1r\u00e1n fel\u00fcl tov\u00e1bbi 4.9 \u00e9s 2.9 mFt -ot kell fizetni, \u00f6sszesen teh\u00e1t 90,7 mFt fizetend\u0151, mely az \u00c1FA visszaig\u00e9nyl\u00e9se ut\u00e1n 87,4 mFt-ra cs\u00f6kken.<\/p>\n<p>Kedvez\u0151 fizet\u00e9si \u00fctemez\u00e9s: 31,4 mFt szerz\u0151d\u00e9sk\u00f6t\u00e9skor, a fennmarad\u00f3 59,3 mFt pedig \u00e1tad\u00e1skor.<br \/>\nA lak\u00e1sra felvehet\u0151 lesz 50 mFt, fix 3%-os kamatoz\u00e1s\u00fa Otthon Start hitel.<\/p>\n<p>Befektet\u00e9snek is kiv\u00e1l\u00f3: j\u00f3l b\u00e9rbeadhat\u00f3, tov\u00e1bb\u00e9rt\u00e9kes\u00edt\u00e9s eset\u00e9n pedig a piaci ingatlan\u00e1remelked\u00e9sen fel\u00fcl tov\u00e1bbi hozam realiz\u00e1lhat\u00f3 a k\u00e9sz\u00fclts\u00e9gi szint folyamatos emelked\u00e9se miatt.<\/p>\n","protected":false},"excerpt":{"rendered":"<p>Lak\u00e1s, kocsibe\u00e1ll\u00f3 \u00e9s t\u00e1rol\u00f3 egy\u00fctt egy hasonl\u00f3 lak\u00e1s \u00e1r\u00e1\u00e9rt a New Palace lak\u00f3park 3. \u00fctem\u00e9ben! K\u00f6sse le az ingatlant most, az \u0151szi \u00e1rrobban\u00e1s el\u0151tt \u00e9s legyen az \u00e1remelked\u00e9s nyertese! Augusztus v\u00e9g\u00e9ig m\u00e9g kiv\u00e1laszthat\u00f3ak a burkolatok, a szaniterek \u00e9s az ajt\u00f3k is! Mag\u00e1nszem\u00e9ly vev\u0151 3,3 mFt \u00c1FA visszaig\u00e9nyl\u00e9sre jogosult! Az ingatlan a Gy\u00f6ngy\u00f6si utca \u00e9s \u00dajpest-V\u00e1roskapu [&hellip;]<\/p>\n","protected":false},"featured_media":8058,"template":"","meta":{"_et_pb_use_builder":"","_et_pb_old_content":"","_et_gb_content_width":"","spay_email":"","jetpack_publicize_message":"","jetpack_is_tweetstorm":false},"jetpack_publicize_connections":[],"jetpack_sharing_enabled":true,"_links":{"self":[{"href":"https:\/\/dilmah-ingatlan.hu\/index.php?rest_route=\/wp\/v2\/product\/8050"}],"collection":[{"href":"https:\/\/dilmah-ingatlan.hu\/index.php?rest_route=\/wp\/v2\/product"}],"about":[{"href":"https:\/\/dilmah-ingatlan.hu\/index.php?rest_route=\/wp\/v2\/types\/product"}],"wp:featuredmedia":[{"embeddable":true,"href":"https:\/\/dilmah-ingatlan.hu\/index.php?rest_route=\/wp\/v2\/media\/8058"}],"wp:attachment":[{"href":"https:\/\/dilmah-ingatlan.hu\/index.php?rest_route=%2Fwp%2Fv2%2Fmedia&parent=8050"}],"curies":[{"name":"wp","href":"https:\/\/api.w.org\/{rel}","templated":true}]}}