{"id":7951,"date":"2025-09-24T21:52:14","date_gmt":"2025-09-24T19:52:14","guid":{"rendered":"https:\/\/dilmah-ingatlan.hu\/?post_type=product&#038;p=7951"},"modified":"2025-10-11T12:58:21","modified_gmt":"2025-10-11T10:58:21","slug":"budapest-vi-kerulet-andrassy-ut-elado-tegla-lakas-90-m2","status":"publish","type":"product","link":"https:\/\/dilmah-ingatlan.hu\/?product=budapest-vi-kerulet-andrassy-ut-elado-tegla-lakas-90-m2","title":{"rendered":"Budapest VI. ker\u00fclet, Andr\u00e1ssy \u00fat, Elad\u00f3 t\u00e9gla lak\u00e1s"},"content":{"rendered":"<p><span class=\"card-title mb-0 px-0 fw-bold fs-4 text-gray-900\">Pesti Broadway \u2013 Elegancia \u00e9s Befektet\u00e9si Lehet\u0151s\u00e9g egyben!<\/span><\/p>\n<p>Budapest sz\u00edv\u00e9ben, a Pesti Broadway ter\u00fclet\u00e9n, elad\u00f3 egy k\u00fcl\u00f6nleges hangulat\u00fa, 90 m\u00b2-es, 2+1 f\u00e9lszob\u00e1s, duplakomfortos lak\u00e1s, amely egyar\u00e1nt ide\u00e1lis otthonnak \u00e9s befektet\u00e9snek \u2013 ak\u00e1r k\u00e9t k\u00fcl\u00f6n\u00e1ll\u00f3 lak\u00e1ss\u00e1 is alak\u00edthat\u00f3.<\/p>\n<p>A lak\u00e1s k\u00fcl\u00f6nlegess\u00e9gei:<\/p>\n<p>&#8211; Versailles-i elegancia: 150 \u00e9ves, breton kereszt mint\u00e1s parketta \u00e9s MARMORINO falburkolatok<br \/>\n&#8211; Mur\u00e1n\u00f3i \u00fcvegcsill\u00e1rok: klasszikus luxus \u00e9s f\u00e9ny\u0171z\u00e9s<br \/>\n&#8211; Smart home rendszer: modern vez\u00e9rl\u00e9s, k\u00e9nyelmes \u00e9let<br \/>\n&#8211; Fat\u00fczel\u00e9s\u0171 kandall\u00f3: val\u00f3di otthonos hangulat a t\u00e9li h\u00f3napokra<br \/>\n&#8211; Eredeti, nagypolg\u00e1ri sz\u00e1rnyas ajt\u00f3k: id\u0151t\u00e1ll\u00f3 st\u00edlus<br \/>\n&#8211; FAIN COOL kl\u00edma: modern fan-coil f\u0171t\u00e9s \u00e9s h\u0171t\u00e9s egyben<\/p>\n<p>M\u0171szaki \u00e9s alapadatok:<\/p>\n<p>&#8211; Hivatalos alapter\u00fclet: 90 m\u00b2<br \/>\n&#8211; Szob\u00e1k sz\u00e1ma: 3<br \/>\n&#8211; Emelet: 1.<br \/>\n&#8211; Belmagass\u00e1g: 4 m\u00e9ter<br \/>\n&#8211; F\u0171t\u00e9s: fan-coil l\u00e9gf\u0171t\u00e9s, kl\u00edm\u00e1val kombin\u00e1lva<br \/>\n&#8211; \u00c1llapot: teljes k\u00f6r\u0171en fel\u00faj\u00edtott (2024)<br \/>\n&#8211; Be\u00e9p\u00edtett konyhab\u00fator: van<\/p>\n<p>B\u00fatorozotts\u00e1g: megegyez\u00e9s t\u00e1rgya (\u00e9rt\u00e9ke k\u00fcl\u00f6n meg\u00e1llapod\u00e1s r\u00e9sze)<\/p>\n<p>&#8211; Kil\u00e1t\u00e1s: utcai<br \/>\n&#8211; T\u00e1jol\u00e1s: \u00e9szakkeleti<br \/>\n&#8211; Internet, k\u00f6zm\u0171vek, m\u00e9r\u0151\u00f3r\u00e1k: v\u00edz, villany, csatorna, g\u00e1z \u2013 k\u00fcl\u00f6n m\u00e9r\u0151kkel<br \/>\n&#8211; Parkol\u00e1s: utc\u00e1n, fizet\u0151s vagy lakoss\u00e1gi parkol\u00e1si enged\u00e9llyel ingyenes<br \/>\n&#8211; K\u00f6z\u00f6s k\u00f6lts\u00e9g: 35 000 Ft\/h\u00f3<br \/>\n&#8211; Lift: van<br \/>\n&#8211; Ker\u00e9kp\u00e1rt\u00e1rol\u00f3: nincs<\/p>\n<p>Fontos tudnival\u00f3k:<\/p>\n<p>A h\u00e1z nem enged\u00e9lyezi a r\u00f6vid t\u00e1v\u00fa b\u00e9rbead\u00e1st (Airbnb jelenleg nem lehets\u00e9ges)<\/p>\n<p>A lak\u00e1s k\u00e9t k\u00fcl\u00f6n bej\u00e1rat\u00fa egys\u00e9gg\u00e9 alak\u00edthat\u00f3, \u00edgy hossz\u00fa t\u00e1v\u00fa b\u00e9rbead\u00e1sra kiv\u00e1l\u00f3 befektet\u00e9si lehet\u0151s\u00e9g<\/p>\n<p>Ez a lak\u00e1s egy ritka gy\u00f6ngyszem a belv\u00e1ros sz\u00edv\u00e9ben, ahol a t\u00f6rt\u00e9nelem \u00e9s a modern k\u00e9nyelem tal\u00e1lkozik.<\/p>\n<p>Tov\u00e1bbi inform\u00e1ci\u00f3\u00e9rt vagy megtekint\u00e9s\u00e9rt k\u00e9rem, keressen bizalommal.<br \/>\nH\u00e9tv\u00e9g\u00e9n is h\u00edvhat!<\/p>\n<div><b>Szab\u00f3 N\u00f3ra<\/b><\/div>\n<div>Kiemelt \u00c9rt\u00e9kes\u00edt\u0151<\/div>\n<div>Telefon:\u00a0<a>+36 70 326 5827<\/a><\/div>\n<div>E-mail:\u00a0<a href=\"mailto:ingatlaniroda.kinga.aa@gmail.com\" target=\"_blank\" rel=\"noopener\">ingatlaniroda.livia.aa@gmail.com<\/a><\/div>\n<p>&nbsp;<\/p>\n","protected":false},"excerpt":{"rendered":"<p style=\"text-align: center\"><strong><span class=\"card-title mb-0 px-0 fw-bold fs-4 text-gray-900\">Pesti Broadway \u2013 Olasz Elegancia \u00e9s Befektet\u00e9si Lehet\u0151s\u00e9g egyben!<\/span><\/strong><\/p>\n<p style=\"text-align: center\">\u00c1r: 135 900 000.- HUF \/ Alapter\u00fclet 90 m2 \/ <span class=\"text-gray-500\">Szob\u00e1k\u00a0<\/span><span class=\"fw-bold fs-4\">3<\/span><\/p>\n<p><img loading=\"lazy\" class=\"size-medium wp-image-7956 aligncenter\" src=\"https:\/\/dilmah-ingatlan.hu\/wp-content\/uploads\/2025\/09\/IMG_0747-300x225.jpg\" alt=\"\" width=\"300\" height=\"225\" \/><\/p>\n<p><img loading=\"lazy\" class=\"size-medium wp-image-7969 aligncenter\" src=\"https:\/\/dilmah-ingatlan.hu\/wp-content\/uploads\/2025\/09\/IMG_0775-225x300.jpg\" alt=\"\" width=\"225\" height=\"300\" \/><\/p>\n<p><img loading=\"lazy\" class=\"size-medium wp-image-7971 aligncenter\" src=\"https:\/\/dilmah-ingatlan.hu\/wp-content\/uploads\/2025\/09\/IMG_0778-300x225.jpg\" alt=\"\" width=\"300\" height=\"225\" \/><\/p>\n<p><img loading=\"lazy\" class=\"size-medium wp-image-7973 aligncenter\" src=\"https:\/\/dilmah-ingatlan.hu\/wp-content\/uploads\/2025\/09\/IMG_0780-225x300.jpg\" alt=\"\" width=\"225\" height=\"300\" \/><\/p>\n<p>&nbsp;<\/p>\n","protected":false},"featured_media":7956,"template":"","meta":{"_et_pb_use_builder":"","_et_pb_old_content":"","_et_gb_content_width":"","spay_email":"","jetpack_publicize_message":"","jetpack_is_tweetstorm":false},"jetpack_publicize_connections":[],"jetpack_sharing_enabled":true,"_links":{"self":[{"href":"https:\/\/dilmah-ingatlan.hu\/index.php?rest_route=\/wp\/v2\/product\/7951"}],"collection":[{"href":"https:\/\/dilmah-ingatlan.hu\/index.php?rest_route=\/wp\/v2\/product"}],"about":[{"href":"https:\/\/dilmah-ingatlan.hu\/index.php?rest_route=\/wp\/v2\/types\/product"}],"wp:featuredmedia":[{"embeddable":true,"href":"https:\/\/dilmah-ingatlan.hu\/index.php?rest_route=\/wp\/v2\/media\/7956"}],"wp:attachment":[{"href":"https:\/\/dilmah-ingatlan.hu\/index.php?rest_route=%2Fwp%2Fv2%2Fmedia&parent=7951"}],"curies":[{"name":"wp","href":"https:\/\/api.w.org\/{rel}","templated":true}]}}