{"id":7800,"date":"2025-09-24T20:20:06","date_gmt":"2025-09-24T18:20:06","guid":{"rendered":"https:\/\/dilmah-ingatlan.hu\/?post_type=product&#038;p=7800"},"modified":"2025-10-11T13:03:45","modified_gmt":"2025-10-11T11:03:45","slug":"budapest-xxi-kerulet-csepel-kertvaros-elado-tegla-lakas-102-m2","status":"publish","type":"product","link":"https:\/\/dilmah-ingatlan.hu\/?product=budapest-xxi-kerulet-csepel-kertvaros-elado-tegla-lakas-102-m2","title":{"rendered":"Budapest XXI. ker\u00fclet, Csepel-Kertv\u00e1ros, Elad\u00f3 t\u00e9gla lak\u00e1s"},"content":{"rendered":"<p>Penthouse \u00e9let\u00e9rz\u00e9s Csepel z\u00f6ld\u00f6vezet\u00e9ben \u2013 villa\u00e9p\u00fcletben, dupla gar\u00e1zzsal + t\u00e1rol\u00f3val!<\/p>\n<p>Budapest XXI. ker\u00fclet\u00e9nek egyik legszebb f\u0151utc\u00e1j\u00e1ban, a Sz\u00e9chenyi Istv\u00e1n utc\u00e1ban, a R\u00e1k\u00f3czi<br \/>\nkert szomsz\u00e9ds\u00e1g\u00e1ban, elad\u00f3 egy exkluz\u00edv, tet\u0151t\u00e9ri penthouse lak\u00e1s egy mind\u00f6ssze 6<br \/>\nlak\u00e1sos villa\u00e9p\u00fcletben.<\/p>\n<p>A 3 \u00e9gt\u00e1j fel\u00e9 nyitott, vil\u00e1gos, kertre n\u00e9z\u0151, dupla komfortos lak\u00e1s nemcsak<br \/>\nelhelyezked\u00e9s\u00e9vel, hanem kiemelked\u0151 m\u0171szaki tartalm\u00e1val is k\u00fcl\u00f6nleges.<\/p>\n<p>FONTOS INFORM\u00c1CI\u00d3!:<br \/>\nA lak\u00e1shoz tartozik 2 g\u00e9pj\u00e1rm\u0171 r\u00e9sz\u00e9re teremgar\u00e1zs be\u00e1ll\u00f3 (15 &#8211; 15 m2) + saj\u00e1t, z\u00e1rhat\u00f3 t\u00e1rol\u00f3 (3.5 m2) melyek K\u00d6TELEZ\u0150EN MEGV\u00c1S\u00c1ROLAND\u00d3K, \u00e9s a v\u00e9tel\u00e1r tartalmazza ezeket is.<\/p>\n<p>F\u0151bb jellemz\u0151k:<br \/>\n\u2022 Frissen festett, \u00fajszer\u0171 \u00e1llapotban l\u00e9v\u0151, azonnal k\u00f6lt\u00f6zhet\u0151 otthon<br \/>\n\u2022 3 \u00e9gt\u00e1jra t\u00e1jolt, napf\u00e9nyes helyis\u00e9gek<br \/>\n\u2022 Per- \u00e9s tehermentes tulajdon<br \/>\n\u2022 Vide\u00f3 kaputelefon, riaszt\u00f3 \u00e9s kamerarendszer<br \/>\n\u2022 Extra k\u00e9nyelmes, nagym\u00e9ret\u0171 g\u00e9pkocsibe\u00e1ll\u00f3k<br \/>\n\u2022 M\u00e9retre gy\u00e1rtott be\u00e9p\u00edtett b\u00fatorok, mennyezetig \u00e9p\u00edtett gardr\u00f3b<\/p>\n<p>M\u0171szaki felszerelts\u00e9g \u2013 minden ig\u00e9nyt kiel\u00e9g\u00edt\u0151 fels\u0151 kateg\u00f3ria:<br \/>\n\u2022 DAIKIN l\u00e9gcsatorn\u00e1s kl\u00edmaberendez\u00e9s mennyezeti bef\u00fav\u00f3kkal<br \/>\n\u2022 VAILLANT g\u00e1zcirk\u00f3 + k\u00fcl\u00f6n \u00e1gon szab\u00e1lyozhat\u00f3 padl\u00f3- \u00e9s radi\u00e1torf\u0171t\u00e9s<br \/>\n\u2022 BOSCH, LG \u00e9s BLANCO g\u00e9pekkel szerelt be\u00e9p\u00edtett konyha<br \/>\n\u2022 XXL-es akril hidromassz\u00e1zs k\u00e1d, RAVAK zuhanykabin<br \/>\n\u2022 GROHE, GEBERIT szaniterek<br \/>\n\u2022 \u00dcvegsz\u00f6vet tap\u00e9t\u00e1z\u00e1s \u2013 reped\u00e9smentes falfel\u00fcletek<br \/>\n\u2022 H\u00e1zimozi rendszer el\u0151k\u00e9sz\u00edtve: hangfal-, projektor- \u00e9s vet\u00edt\u0151v\u00e1szon k\u00e1belez\u00e9s, teljes<br \/>\nblack-out s\u00f6t\u00e9t\u00edt\u00e9s<br \/>\n\u2022 SOMFY motoros nap\u00e1rny\u00e9kol\u00f3, SPECTRA riaszt\u00f3rendszer<br \/>\n\u2022 T\u00f6bb mint 60 db elektromos dugalj<br \/>\nZ\u00f6ld k\u00f6rnyezet, t\u00f6k\u00e9letes elhelyezked\u00e9s:<br \/>\nA R\u00e1ckevei Duna-\u00e1g, a k\u00f6zeli parkok \u00e9s z\u00f6ldter\u00fcletek kiv\u00e1l\u00f3 lehet\u0151s\u00e9get ny\u00fajtanak a<br \/>\nkikapcsol\u00f3d\u00e1sra \u00e9s sportol\u00e1sra.<br \/>\nIskola, \u00f3voda, posta, gy\u00f3gyszert\u00e1r, orvosi rendel\u0151, boltok mind el\u00e9rhet\u0151k p\u00e1r perc alatt.<\/p>\n<p>Kiv\u00e1l\u00f3 k\u00f6zleked\u00e9s:<br \/>\n\u2022 T\u00f6megk\u00f6zleked\u00e9s: 151, 152, 71, H7<br \/>\n\u2022 Csepel k\u00f6zpontja \u00e9s az M0-s aut\u00f3\u00fat k\u00f6nnyed\u00e9n megk\u00f6zel\u00edthet\u0151<br \/>\n\u2022 R\u00f6vid id\u0151 alatt el\u00e9rhet\u0151 a belv\u00e1ros \u00e9s a k\u00f6rnyez\u0151 ker\u00fcletek is<\/p>\n<p>Ez az ingatlan ide\u00e1lis v\u00e1laszt\u00e1s azoknak, akik exkluz\u00edv, nyugodt k\u00f6rnyezetben, m\u00e9gis kiv\u00e1l\u00f3<br \/>\nk\u00f6zleked\u00e9ssel \u00e9s szolg\u00e1ltat\u00e1sokkal ell\u00e1tott helyen keresnek k\u00fcl\u00f6nleges otthont.<\/p>\n<p>Ne maradjon le err\u0151l a lehet\u0151s\u00e9gr\u0151l \u2013 k\u00e9rjen b\u0151vebb inform\u00e1ci\u00f3t vagy egyeztessen<br \/>\nmegtekint\u00e9st, NEM B\u00c1NJA MEG!<\/p>\n<div><span style=\"font-family: Arial, sans-serif\"><b>Szab\u00f3 N\u00f3ra<\/b><\/span><\/div>\n<div>Kiemelt \u00c9rt\u00e9kes\u00edt\u0151<\/div>\n<div>Telefon:\u00a0<a>+36 70 326 5827<\/a><\/div>\n<div><span style=\"color: #222222\">E-mail: <\/span><a href=\"mailto:ingatlaniroda.kinga.aa@gmail.com\" target=\"_blank\" rel=\"noopener\">ingatlaniroda.livia.aa@gmail.com<\/a><\/div>\n","protected":false},"excerpt":{"rendered":"<p style=\"text-align: center\"><strong>Penthouse \u00e9let\u00e9rz\u00e9s Csepel z\u00f6ld\u00f6vezet\u00e9ben \u2013 villa\u00e9p\u00fcletben, dupla gar\u00e1zzsal + t\u00e1rol\u00f3val!<\/strong><\/p>\n<p style=\"text-align: center\">\u00c1r: 134 000 000.- HUF \/ Alapter\u00fclet 102 m2 \/ <span class=\"text-gray-500\">Szob\u00e1k\u00a0<\/span><span class=\"fw-bold fs-4\">4 + 1 f\u00e9l<\/span><\/p>\n<p><img loading=\"lazy\" class=\"size-medium wp-image-7822 aligncenter\" src=\"https:\/\/dilmah-ingatlan.hu\/wp-content\/uploads\/2025\/09\/Terasz-4-300x225.jpg\" alt=\"\" width=\"300\" height=\"225\" \/><\/p>\n<p><img loading=\"lazy\" class=\"size-medium wp-image-7821 aligncenter\" src=\"https:\/\/dilmah-ingatlan.hu\/wp-content\/uploads\/2025\/09\/Terasz-3-300x225.jpg\" alt=\"\" width=\"300\" height=\"225\" \/><\/p>\n<p><img loading=\"lazy\" class=\"size-medium wp-image-7819 aligncenter\" src=\"https:\/\/dilmah-ingatlan.hu\/wp-content\/uploads\/2025\/09\/Nappali-9-300x225.jpg\" alt=\"\" width=\"300\" height=\"225\" \/><\/p>\n<p><img loading=\"lazy\" class=\"size-medium wp-image-7818 aligncenter\" src=\"https:\/\/dilmah-ingatlan.hu\/wp-content\/uploads\/2025\/09\/Nappali-2-300x225.jpg\" alt=\"\" width=\"300\" height=\"225\" \/><\/p>\n<p><img loading=\"lazy\" class=\"size-medium wp-image-7812 aligncenter\" src=\"https:\/\/dilmah-ingatlan.hu\/wp-content\/uploads\/2025\/09\/Haloszoba-2-238x300.jpg\" alt=\"\" width=\"238\" height=\"300\" \/><\/p>\n<p><img loading=\"lazy\" class=\"size-medium wp-image-7807 aligncenter\" src=\"https:\/\/dilmah-ingatlan.hu\/wp-content\/uploads\/2025\/09\/Furdo-nagy-6-225x300.jpg\" alt=\"\" width=\"225\" height=\"300\" \/><\/p>\n<p><img loading=\"lazy\" class=\"size-medium wp-image-7806 aligncenter\" src=\"https:\/\/dilmah-ingatlan.hu\/wp-content\/uploads\/2025\/09\/Furdo-kicsi-4-300x225.jpg\" alt=\"\" width=\"300\" height=\"225\" \/><\/p>\n<p><img loading=\"lazy\" class=\"size-medium wp-image-7804 aligncenter\" src=\"https:\/\/dilmah-ingatlan.hu\/wp-content\/uploads\/2025\/09\/Eloter-3-225x300.jpg\" alt=\"\" width=\"225\" height=\"300\" \/><\/p>\n<p><img loading=\"lazy\" class=\"size-medium wp-image-7802 aligncenter\" src=\"https:\/\/dilmah-ingatlan.hu\/wp-content\/uploads\/2025\/09\/Dolgozo-7-300x225.jpg\" alt=\"\" width=\"300\" height=\"225\" \/><\/p>\n<p><img loading=\"lazy\" class=\"size-medium wp-image-7823 aligncenter\" src=\"https:\/\/dilmah-ingatlan.hu\/wp-content\/uploads\/2025\/09\/Szechenyi-Istvan-u-300x228.jpg\" alt=\"\" width=\"300\" height=\"228\" \/><\/p>\n","protected":false},"featured_media":7813,"template":"","meta":{"_et_pb_use_builder":"","_et_pb_old_content":"","_et_gb_content_width":"","spay_email":"","jetpack_publicize_message":"","jetpack_is_tweetstorm":false},"jetpack_publicize_connections":[],"jetpack_sharing_enabled":true,"_links":{"self":[{"href":"https:\/\/dilmah-ingatlan.hu\/index.php?rest_route=\/wp\/v2\/product\/7800"}],"collection":[{"href":"https:\/\/dilmah-ingatlan.hu\/index.php?rest_route=\/wp\/v2\/product"}],"about":[{"href":"https:\/\/dilmah-ingatlan.hu\/index.php?rest_route=\/wp\/v2\/types\/product"}],"wp:featuredmedia":[{"embeddable":true,"href":"https:\/\/dilmah-ingatlan.hu\/index.php?rest_route=\/wp\/v2\/media\/7813"}],"wp:attachment":[{"href":"https:\/\/dilmah-ingatlan.hu\/index.php?rest_route=%2Fwp%2Fv2%2Fmedia&parent=7800"}],"curies":[{"name":"wp","href":"https:\/\/api.w.org\/{rel}","templated":true}]}}