{"id":7769,"date":"2025-09-24T19:49:00","date_gmt":"2025-09-24T17:49:00","guid":{"rendered":"https:\/\/dilmah-ingatlan.hu\/?post_type=product&#038;p=7769"},"modified":"2025-10-13T12:55:24","modified_gmt":"2025-10-13T10:55:24","slug":"budapest-vii-kerulet-istvan-utca-elado-tegla-lakas-52-m2","status":"publish","type":"product","link":"https:\/\/dilmah-ingatlan.hu\/?product=budapest-vii-kerulet-istvan-utca-elado-tegla-lakas-52-m2","title":{"rendered":"Budapest VII. ker\u00fclet, Istv\u00e1n utca, Elad\u00f3 t\u00e9gla lak\u00e1s"},"content":{"rendered":"<p>Elad\u00f3 bels\u0151 k\u00e9tszintes lak\u00e1s az Istv\u00e1n utc\u00e1ban \u2013 V\u00e1rosliget k\u00f6zel\u00e9ben<br \/>\nBudapest VII. ker\u00fclet\u00e9ben, a V\u00e1rosliget k\u00f6zvetlen k\u00f6zel\u00e9ben, az Istv\u00e1n utc\u00e1ban elad\u00f3 egy bels\u0151 udvarra n\u00e9z\u0151, f\u00f6ldszinti, k\u00e9tszintes, kiv\u00e1l\u00f3 \u00e1llapot\u00fa t\u00e9gla lak\u00e1s, 4,65 m belmagass\u00e1ggal. A lak\u00e1s ide\u00e1lis saj\u00e1t otthonnak vagy befektet\u00e9sre, hossz\u00fa t\u00e1v\u00fa kiad\u00e1sra egyar\u00e1nt.<\/p>\n<p>A lak\u00e1sr\u00f3l:<br \/>\nHivatalos alapter\u00fclet: 31 m\u00b2<br \/>\nHasznos alapter\u00fclet: kb. 52 m\u00b2 (f\u00f6ldszint + teljes \u00e9rt\u00e9k\u0171 gal\u00e9ria 1,90 m magas)<br \/>\nSzob\u00e1k sz\u00e1ma: 1 + 1 f\u00e9lszoba<br \/>\nF\u0171t\u00e9s: g\u00e1zkaz\u00e1n + h\u0171t\u0151-f\u0171t\u0151 kl\u00edma<br \/>\nBelmagass\u00e1g: 4,65 m<br \/>\nT\u00e1jol\u00e1s: keleti, udvari n\u00e9zet<br \/>\nK\u00f6z\u00f6s k\u00f6lts\u00e9g: 12 000 Ft\/h\u00f3<br \/>\nRezsik\u00f6lts\u00e9g: kb. 15 000 Ft\/h\u00f3<br \/>\nLift: van<br \/>\nParkol\u00e1s: k\u00f6zter\u00fcleten, fizet\u0151s \u00f6vezet (lakoss\u00e1gi parkol\u00e1si enged\u00e9llyel ingyenes)<br \/>\nAirbnb lehets\u00e9ges \u2013 a h\u00e1zban t\u00f6bb apartman is m\u0171k\u00f6dik<br \/>\nTulajdoni h\u00e1nyad: 1\/1<\/p>\n<p>Helyis\u00e9gek beoszt\u00e1sa:<br \/>\nF\u00f6ldszint:<br \/>\nnappali<br \/>\nkonyha be\u00e9p\u00edtett b\u00fatorral<br \/>\nzuhanyz\u00f3s f\u00fcrd\u0151szoba WC-vel<\/p>\n<p>Fels\u0151 szint (gal\u00e9ria):<br \/>\nh\u00e1l\u00f3szobak\u00e9nt funkcion\u00e1l a nappali felett<br \/>\ndolgoz\u00f3-\/gyerekszoba a konyha felett 9 m2<\/p>\n<p>Az \u00e9p\u00fclet:<br \/>\nklasszikus, historiz\u00e1l\u00f3 st\u00edlus\u00fa, ikonikus gangos h\u00e1z<br \/>\nj\u00f3 \u00e1llapot\u00fa, 1850 k\u00f6r\u00fcl \u00e9p\u00fclt, 4 szintes<br \/>\nbiztons\u00e1gi kamerarendszerrel, kultur\u00e1lt lak\u00f3k\u00f6z\u00f6ss\u00e9ggel, stabil p\u00e9nz\u00fcgyi h\u00e1tt\u00e9rrel<br \/>\nbiciklit\u00e1rol\u00f3 rendelkez\u00e9sre \u00e1ll<\/p>\n<p>Elhelyezked\u00e9s, k\u00f6zleked\u00e9s:<br \/>\nV\u00e1rosliget 2 perc gyalog<br \/>\nKeleti P\u00e1lyaudvar 7 perc<br \/>\nT\u00f6megk\u00f6zleked\u00e9s: 74-es troli a h\u00e1z el\u0151tt, 30, 30A, 230, 75, 79 buszok a k\u00f6zelben<br \/>\nA k\u00f6zelben minden fontos szolg\u00e1ltat\u00e1s megtal\u00e1lhat\u00f3: Penny, piac, posta, gy\u00f3gyszert\u00e1r, \u00e9ttermek, konditerem<\/p>\n<p>Ide\u00e1lis v\u00e1laszt\u00e1s:<br \/>\nakik a belv\u00e1ros k\u00f6zel\u00e9ben, m\u00e9gis csendes, hangulatos k\u00f6rnyezetben keresnek lak\u00e1st<br \/>\nsaj\u00e1t r\u00e9szre vagy befektet\u0151knek hossz\u00fa t\u00e1v\u00fa b\u00e9rbead\u00e1sra<\/p>\n<p>H\u00e9tv\u00e9g\u00e9n is h\u00edvhat! Ne maradjon le err\u0151l a kiv\u00e9teles aj\u00e1nlatr\u00f3l!<\/p>\n<div><span style=\"font-family: Arial, sans-serif\"><b>Szab\u00f3 N\u00f3ra<\/b><\/span><\/div>\n<div>Kiemelt \u00c9rt\u00e9kes\u00edt\u0151<\/div>\n<div>Telefon:\u00a0<a>+36 70 326 5827<\/a><\/div>\n<div><span style=\"color: #222222\">E-mail: <\/span><a href=\"mailto:ingatlaniroda.kinga.aa@gmail.com\" target=\"_blank\" rel=\"noopener\">ingatlaniroda.livia.aa@gmail.com<\/a><\/div>\n","protected":false},"excerpt":{"rendered":"<p style=\"text-align: center\"><strong>Elad\u00f3 bels\u0151 k\u00e9tszintes lak\u00e1s az Istv\u00e1n utc\u00e1ban \u2013 V\u00e1rosliget k\u00f6zel\u00e9ben<\/strong><\/p>\n<p style=\"text-align: center\">\u00c1r: 55 000 000.- HUF \/ Alapter\u00fclet 31 m2 \/ Szob\u00e1k 1 + 1 f\u00e9l<\/p>\n<p><img loading=\"lazy\" class=\"size-medium wp-image-7771 aligncenter\" src=\"https:\/\/dilmah-ingatlan.hu\/wp-content\/uploads\/2025\/09\/f550e7defc3759ab82e19bc5832e17aa-300x281.jpg\" alt=\"\" width=\"300\" height=\"281\" \/><\/p>\n<p><img loading=\"lazy\" class=\"size-medium wp-image-7770 aligncenter\" src=\"https:\/\/dilmah-ingatlan.hu\/wp-content\/uploads\/2025\/09\/a465efd3ad3311ac650e63839534e82a-300x231.jpg\" alt=\"\" width=\"300\" height=\"231\" \/><\/p>\n<p><img loading=\"lazy\" class=\"size-medium wp-image-7772 aligncenter\" src=\"https:\/\/dilmah-ingatlan.hu\/wp-content\/uploads\/2025\/09\/75609ada0ed12eac7190a911471edb19-300x265.jpg\" alt=\"\" width=\"300\" height=\"265\" \/><\/p>\n<p><img loading=\"lazy\" class=\"size-medium wp-image-7773 aligncenter\" src=\"https:\/\/dilmah-ingatlan.hu\/wp-content\/uploads\/2025\/09\/b87fe31d4ba488feff845fa42940b20d-300x225.jpg\" alt=\"\" width=\"300\" height=\"225\" \/><\/p>\n<p><img loading=\"lazy\" class=\"size-medium wp-image-7775 aligncenter\" src=\"https:\/\/dilmah-ingatlan.hu\/wp-content\/uploads\/2025\/09\/IMG_0162-235x300.jpg\" alt=\"\" width=\"235\" height=\"300\" \/><\/p>\n<p><img loading=\"lazy\" class=\"size-medium wp-image-7776 aligncenter\" src=\"https:\/\/dilmah-ingatlan.hu\/wp-content\/uploads\/2025\/09\/IMG_0725-300x225.jpg\" alt=\"\" width=\"300\" height=\"225\" \/><\/p>\n<p><img loading=\"lazy\" class=\"size-medium wp-image-7778 aligncenter\" src=\"https:\/\/dilmah-ingatlan.hu\/wp-content\/uploads\/2025\/09\/IMG_0749-300x225.jpg\" alt=\"\" width=\"300\" height=\"225\" \/><\/p>\n<p><img loading=\"lazy\" class=\"size-medium wp-image-7779 aligncenter\" src=\"https:\/\/dilmah-ingatlan.hu\/wp-content\/uploads\/2025\/09\/IMG_0798-225x300.jpg\" alt=\"\" width=\"225\" height=\"300\" \/><\/p>\n<p><img loading=\"lazy\" class=\"size-medium wp-image-7781 aligncenter\" src=\"https:\/\/dilmah-ingatlan.hu\/wp-content\/uploads\/2025\/09\/IMG_0844-300x225.jpg\" alt=\"\" width=\"300\" height=\"225\" \/><\/p>\n<p><img loading=\"lazy\" class=\"size-medium wp-image-7783 aligncenter\" src=\"https:\/\/dilmah-ingatlan.hu\/wp-content\/uploads\/2025\/09\/IMG_0856-300x225.jpg\" alt=\"\" width=\"300\" height=\"225\" \/><\/p>\n<p><img loading=\"lazy\" class=\"size-medium wp-image-7790 aligncenter\" src=\"https:\/\/dilmah-ingatlan.hu\/wp-content\/uploads\/2025\/09\/Kepernyokep-2025-09-24-194516-211x300.jpg\" alt=\"\" width=\"211\" height=\"300\" srcset=\"https:\/\/i0.wp.com\/dilmah-ingatlan.hu\/wp-content\/uploads\/2025\/09\/Kepernyokep-2025-09-24-194516.jpg?resize=211%2C300&amp;ssl=1 211w, https:\/\/i0.wp.com\/dilmah-ingatlan.hu\/wp-content\/uploads\/2025\/09\/Kepernyokep-2025-09-24-194516.jpg?w=392&amp;ssl=1 392w\" sizes=\"(max-width: 211px) 100vw, 211px\" \/><\/p>\n","protected":false},"featured_media":7771,"template":"","meta":{"_et_pb_use_builder":"","_et_pb_old_content":"","_et_gb_content_width":"","spay_email":"","jetpack_publicize_message":"","jetpack_is_tweetstorm":false},"jetpack_publicize_connections":[],"jetpack_sharing_enabled":true,"_links":{"self":[{"href":"https:\/\/dilmah-ingatlan.hu\/index.php?rest_route=\/wp\/v2\/product\/7769"}],"collection":[{"href":"https:\/\/dilmah-ingatlan.hu\/index.php?rest_route=\/wp\/v2\/product"}],"about":[{"href":"https:\/\/dilmah-ingatlan.hu\/index.php?rest_route=\/wp\/v2\/types\/product"}],"wp:featuredmedia":[{"embeddable":true,"href":"https:\/\/dilmah-ingatlan.hu\/index.php?rest_route=\/wp\/v2\/media\/7771"}],"wp:attachment":[{"href":"https:\/\/dilmah-ingatlan.hu\/index.php?rest_route=%2Fwp%2Fv2%2Fmedia&parent=7769"}],"curies":[{"name":"wp","href":"https:\/\/api.w.org\/{rel}","templated":true}]}}