{"id":7666,"date":"2025-09-24T13:44:51","date_gmt":"2025-09-24T11:44:51","guid":{"rendered":"https:\/\/dilmah-ingatlan.hu\/?post_type=product&#038;p=7666"},"modified":"2025-09-24T22:17:51","modified_gmt":"2025-09-24T20:17:51","slug":"ikerhaz-ii-kerulet","status":"publish","type":"product","link":"https:\/\/dilmah-ingatlan.hu\/?product=ikerhaz-ii-kerulet","title":{"rendered":"Elad\u00f3 \u00faj\u00e9p\u00edt\u00e9s\u0171 ikerh\u00e1z-f\u00e9l &#8211;   II.ker\u00fclet 180m2"},"content":{"rendered":"<p>A II. ker\u00fcletben, Budaligeten elad\u00e1sra k\u00edn\u00e1lunk egy \u00faj \u00e9p\u00edt\u00e9s\u0171 ingatlant, mely a modern kor ig\u00e9nyeinek \u00e9s k\u00f6vetelm\u00e9nyeinek megfelel\u0151en k\u00e9sz\u00fclt.<br \/>\nAz ikerh\u00e1z-f\u00e9l 180 nm (4 szoba, nappali, konyha, \u00e9tkez\u0151, 2 f\u00fcrd\u0151szoba, gardr\u00f3b, gar\u00e1zs) + 600nm saj\u00e1t \u0151sf\u00e1s telekr\u00e9sz, nagyon alacsony energiaig\u00e9ny\u0171 h\u00e1z (A+ kateg\u00f3ria), minim\u00e1lis napelemmel null\u00e1zhat\u00f3 a rezsi. A f\u0171t\u00e9sr\u0151l, h\u0171t\u00e9sr\u0151l \u00e9s melegv\u00edz ell\u00e1t\u00e1sr\u00f3l egy Midea h\u0151szivatty\u00fa gondoskodik, az \u00e1lland\u00f3 friss leveg\u0151t pedig Vortice l\u00e9gcser\u00e9l\u0151k biztos\u00edtj\u00e1k. A min\u0151s\u00e9gi olasz burkolatok \u00e9s szaniterek mellett az egyedileg k\u00e9sz\u00edtett konyha Bosch g\u00e9pekkel van felszerelve. A passz\u00edvh\u00e1zakn\u00e1l is haszn\u00e1latos n\u00e9met Salamander ny\u00edl\u00e1sz\u00e1r\u00f3k teljesen kiz\u00e1rj\u00e1k a k\u00fclvil\u00e1g zaj\u00e1t. Az \u00e9rt\u00e9kes\u00edt\u0151 \u00e9s kivitelez\u0151 a Trendhouse Hungary Kft, mely nagyon sok referencia h\u00e1zzal rendelkezik a budai agglomer\u00e1ci\u00f3ban. Az ingatlan tehermentes, haszn\u00e1latbav\u00e9teli enged\u00e9llyel rendelkezik \u00e9s azonnal birtokba vehet\u0151.<br \/>\nAz \u00e1r 249.000.000 forint (5%-os \u00e1f\u00e1val) + a k\u00f6telez\u0151en megv\u00e1s\u00e1roland\u00f3 gar\u00e1zs, melynek \u00f6sszege 20.000.000 forint.<\/p>\n","protected":false},"excerpt":{"rendered":"<p>A II. ker\u00fcletben, Budaligeten elad\u00e1sra k\u00edn\u00e1lunk egy \u00faj \u00e9p\u00edt\u00e9s\u0171 ingatlant, mely a modern kor ig\u00e9nyeinek \u00e9s k\u00f6vetelm\u00e9nyeinek megfelel\u0151en k\u00e9sz\u00fclt. Az ikerh\u00e1z-f\u00e9l 180 nm (4 szoba, nappali, konyha, \u00e9tkez\u0151, 2 f\u00fcrd\u0151szoba, gardr\u00f3b, gar\u00e1zs) + 600nm saj\u00e1t \u0151sf\u00e1s telekr\u00e9sz, nagyon alacsony energiaig\u00e9ny\u0171 h\u00e1z (A+ kateg\u00f3ria), minim\u00e1lis napelemmel null\u00e1zhat\u00f3 a rezsi. A f\u0171t\u00e9sr\u0151l, h\u0171t\u00e9sr\u0151l \u00e9s melegv\u00edz ell\u00e1t\u00e1sr\u00f3l egy [&hellip;]<\/p>\n","protected":false},"featured_media":7669,"template":"","meta":{"_et_pb_use_builder":"","_et_pb_old_content":"","_et_gb_content_width":"","spay_email":"","jetpack_publicize_message":"","jetpack_is_tweetstorm":false},"jetpack_publicize_connections":[],"jetpack_sharing_enabled":true,"_links":{"self":[{"href":"https:\/\/dilmah-ingatlan.hu\/index.php?rest_route=\/wp\/v2\/product\/7666"}],"collection":[{"href":"https:\/\/dilmah-ingatlan.hu\/index.php?rest_route=\/wp\/v2\/product"}],"about":[{"href":"https:\/\/dilmah-ingatlan.hu\/index.php?rest_route=\/wp\/v2\/types\/product"}],"wp:featuredmedia":[{"embeddable":true,"href":"https:\/\/dilmah-ingatlan.hu\/index.php?rest_route=\/wp\/v2\/media\/7669"}],"wp:attachment":[{"href":"https:\/\/dilmah-ingatlan.hu\/index.php?rest_route=%2Fwp%2Fv2%2Fmedia&parent=7666"}],"curies":[{"name":"wp","href":"https:\/\/api.w.org\/{rel}","templated":true}]}}