{"id":7610,"date":"2025-05-09T13:54:16","date_gmt":"2025-05-09T11:54:16","guid":{"rendered":"https:\/\/dilmah-ingatlan.hu\/?post_type=product&#038;p=7610"},"modified":"2025-05-09T13:56:58","modified_gmt":"2025-05-09T11:56:58","slug":"csaladi-haz","status":"publish","type":"product","link":"https:\/\/dilmah-ingatlan.hu\/?product=csaladi-haz","title":{"rendered":"Csal\u00e1di h\u00e1z"},"content":{"rendered":"<p><img loading=\"lazy\" class=\"alignnone size-medium wp-image-7607\" src=\"https:\/\/i0.wp.com\/dilmah-ingatlan.hu\/wp-content\/uploads\/2025\/05\/20250404_114157.jpg?resize=300%2C225&#038;ssl=1\" alt=\"\" width=\"300\" height=\"225\" data-recalc-dims=\"1\" \/><img loading=\"lazy\" class=\"alignnone size-medium wp-image-7608\" src=\"https:\/\/i2.wp.com\/dilmah-ingatlan.hu\/wp-content\/uploads\/2025\/05\/20250425_151329.jpg?resize=219%2C300&#038;ssl=1\" alt=\"\" width=\"219\" height=\"300\" data-recalc-dims=\"1\" \/><img loading=\"lazy\" class=\"alignnone size-medium wp-image-7609\" src=\"https:\/\/i1.wp.com\/dilmah-ingatlan.hu\/wp-content\/uploads\/2025\/05\/20250425_151603.jpg?resize=238%2C300&#038;ssl=1\" alt=\"\" width=\"238\" height=\"300\" data-recalc-dims=\"1\" \/><img loading=\"lazy\" class=\"alignnone size-medium wp-image-7607\" src=\"https:\/\/i0.wp.com\/dilmah-ingatlan.hu\/wp-content\/uploads\/2025\/05\/20250404_114157.jpg?resize=300%2C225&#038;ssl=1\" alt=\"\" width=\"300\" height=\"225\" data-recalc-dims=\"1\" \/><img loading=\"lazy\" class=\"alignnone size-medium wp-image-7606\" src=\"https:\/\/i2.wp.com\/dilmah-ingatlan.hu\/wp-content\/uploads\/2025\/05\/20250404_114150-1.jpg?resize=300%2C225&#038;ssl=1\" alt=\"\" width=\"300\" height=\"225\" data-recalc-dims=\"1\" \/><img loading=\"lazy\" class=\"alignnone size-medium wp-image-7602\" src=\"https:\/\/i1.wp.com\/dilmah-ingatlan.hu\/wp-content\/uploads\/2025\/05\/20250404_114007.jpg?resize=300%2C225&#038;ssl=1\" alt=\"\" width=\"300\" height=\"225\" data-recalc-dims=\"1\" \/><img loading=\"lazy\" class=\"alignnone size-medium wp-image-7601\" src=\"https:\/\/i2.wp.com\/dilmah-ingatlan.hu\/wp-content\/uploads\/2025\/05\/20250404_113956.jpg?resize=300%2C225&#038;ssl=1\" alt=\"\" width=\"300\" height=\"225\" data-recalc-dims=\"1\" \/><img loading=\"lazy\" class=\"alignnone size-medium wp-image-7598\" src=\"https:\/\/i2.wp.com\/dilmah-ingatlan.hu\/wp-content\/uploads\/2025\/05\/20250404_113928.jpg?resize=300%2C225&#038;ssl=1\" alt=\"\" width=\"300\" height=\"225\" data-recalc-dims=\"1\" \/><img loading=\"lazy\" class=\"alignnone size-medium wp-image-7594\" src=\"https:\/\/i0.wp.com\/dilmah-ingatlan.hu\/wp-content\/uploads\/2025\/05\/20250404_113807.jpg?resize=300%2C225&#038;ssl=1\" alt=\"\" width=\"300\" height=\"225\" data-recalc-dims=\"1\" \/><img loading=\"lazy\" class=\"alignnone size-medium wp-image-7590\" src=\"https:\/\/i2.wp.com\/dilmah-ingatlan.hu\/wp-content\/uploads\/2025\/05\/20250404_113636.jpg?resize=225%2C300&#038;ssl=1\" alt=\"\" width=\"225\" height=\"300\" data-recalc-dims=\"1\" \/><img loading=\"lazy\" class=\"alignnone size-medium wp-image-7589\" src=\"https:\/\/i2.wp.com\/dilmah-ingatlan.hu\/wp-content\/uploads\/2025\/05\/20250404_113618.jpg?resize=225%2C300&#038;ssl=1\" alt=\"\" width=\"225\" height=\"300\" data-recalc-dims=\"1\" \/><img loading=\"lazy\" class=\"alignnone size-medium wp-image-7585\" src=\"https:\/\/i1.wp.com\/dilmah-ingatlan.hu\/wp-content\/uploads\/2025\/05\/20250404_113454.jpg?resize=300%2C225&#038;ssl=1\" alt=\"\" width=\"300\" height=\"225\" data-recalc-dims=\"1\" \/><img loading=\"lazy\" class=\"alignnone size-medium wp-image-7580\" src=\"https:\/\/i1.wp.com\/dilmah-ingatlan.hu\/wp-content\/uploads\/2025\/05\/20250404_113350.jpg?resize=300%2C225&#038;ssl=1\" alt=\"\" width=\"300\" height=\"225\" data-recalc-dims=\"1\" \/><img loading=\"lazy\" class=\"alignnone size-medium wp-image-7581\" src=\"https:\/\/i2.wp.com\/dilmah-ingatlan.hu\/wp-content\/uploads\/2025\/05\/20250404_113357.jpg?resize=300%2C225&#038;ssl=1\" alt=\"\" width=\"300\" height=\"225\" data-recalc-dims=\"1\" \/><img loading=\"lazy\" class=\"alignnone size-medium wp-image-7575\" src=\"https:\/\/i2.wp.com\/dilmah-ingatlan.hu\/wp-content\/uploads\/2025\/05\/20250404_113321.jpg?resize=300%2C225&#038;ssl=1\" alt=\"\" width=\"300\" height=\"225\" data-recalc-dims=\"1\" \/><img loading=\"lazy\" class=\"alignnone size-medium wp-image-7573\" src=\"https:\/\/i2.wp.com\/dilmah-ingatlan.hu\/wp-content\/uploads\/2025\/05\/20250404_113256.jpg?resize=300%2C225&#038;ssl=1\" alt=\"\" width=\"300\" height=\"225\" data-recalc-dims=\"1\" \/><img loading=\"lazy\" class=\"alignnone size-medium wp-image-7571\" src=\"https:\/\/i2.wp.com\/dilmah-ingatlan.hu\/wp-content\/uploads\/2025\/05\/20250404_113247.jpg?resize=300%2C225&#038;ssl=1\" alt=\"\" width=\"300\" height=\"225\" data-recalc-dims=\"1\" \/><img loading=\"lazy\" class=\"alignnone size-medium wp-image-7566\" src=\"https:\/\/i1.wp.com\/dilmah-ingatlan.hu\/wp-content\/uploads\/2025\/05\/20250404_113043.jpg?resize=300%2C225&#038;ssl=1\" alt=\"\" width=\"300\" height=\"225\" data-recalc-dims=\"1\" \/><img loading=\"lazy\" class=\"alignnone size-medium wp-image-7565\" src=\"https:\/\/i1.wp.com\/dilmah-ingatlan.hu\/wp-content\/uploads\/2025\/05\/20250404_113035.jpg?resize=300%2C225&#038;ssl=1\" alt=\"\" width=\"300\" height=\"225\" data-recalc-dims=\"1\" \/><img loading=\"lazy\" class=\"alignnone size-medium wp-image-7564\" src=\"https:\/\/i1.wp.com\/dilmah-ingatlan.hu\/wp-content\/uploads\/2025\/05\/20250404_113022-1.jpg?resize=300%2C225&#038;ssl=1\" alt=\"\" width=\"300\" height=\"225\" data-recalc-dims=\"1\" \/><img loading=\"lazy\" class=\"alignnone size-medium wp-image-7562\" src=\"https:\/\/i2.wp.com\/dilmah-ingatlan.hu\/wp-content\/uploads\/2025\/05\/20250404_113008.jpg?resize=300%2C225&#038;ssl=1\" alt=\"\" width=\"300\" height=\"225\" data-recalc-dims=\"1\" \/><img loading=\"lazy\" class=\"alignnone size-medium wp-image-7550\" src=\"https:\/\/i1.wp.com\/dilmah-ingatlan.hu\/wp-content\/uploads\/2025\/05\/20250404_112640.jpg?resize=225%2C300&#038;ssl=1\" alt=\"\" width=\"225\" height=\"300\" data-recalc-dims=\"1\" \/><img loading=\"lazy\" class=\"alignnone size-medium wp-image-7545\" src=\"https:\/\/i2.wp.com\/dilmah-ingatlan.hu\/wp-content\/uploads\/2025\/05\/20250404_112442.jpg?resize=300%2C225&#038;ssl=1\" alt=\"\" width=\"300\" height=\"225\" data-recalc-dims=\"1\" \/><img loading=\"lazy\" class=\"alignnone size-medium wp-image-7551\" src=\"https:\/\/i2.wp.com\/dilmah-ingatlan.hu\/wp-content\/uploads\/2025\/05\/20250404_112647.jpg?resize=300%2C225&#038;ssl=1\" alt=\"\" width=\"300\" height=\"225\" data-recalc-dims=\"1\" \/><img loading=\"lazy\" class=\"alignnone size-medium wp-image-7561\" src=\"https:\/\/i0.wp.com\/dilmah-ingatlan.hu\/wp-content\/uploads\/2025\/05\/20250404_112950.jpg?resize=300%2C225&#038;ssl=1\" alt=\"\" width=\"300\" height=\"225\" data-recalc-dims=\"1\" \/><img loading=\"lazy\" class=\"alignnone size-medium wp-image-7573\" src=\"https:\/\/i2.wp.com\/dilmah-ingatlan.hu\/wp-content\/uploads\/2025\/05\/20250404_113256.jpg?resize=300%2C225&#038;ssl=1\" alt=\"\" width=\"300\" height=\"225\" data-recalc-dims=\"1\" \/><img loading=\"lazy\" class=\"alignnone size-medium wp-image-7595\" src=\"https:\/\/i1.wp.com\/dilmah-ingatlan.hu\/wp-content\/uploads\/2025\/05\/20250404_113858.jpg?resize=300%2C225&#038;ssl=1\" alt=\"\" width=\"300\" height=\"225\" data-recalc-dims=\"1\" \/><img loading=\"lazy\" class=\"alignnone size-medium wp-image-7594\" src=\"https:\/\/i0.wp.com\/dilmah-ingatlan.hu\/wp-content\/uploads\/2025\/05\/20250404_113807.jpg?resize=300%2C225&#038;ssl=1\" alt=\"\" width=\"300\" height=\"225\" data-recalc-dims=\"1\" \/><img loading=\"lazy\" class=\"alignnone size-medium wp-image-7593\" src=\"https:\/\/i2.wp.com\/dilmah-ingatlan.hu\/wp-content\/uploads\/2025\/05\/20250404_113744.jpg?resize=225%2C300&#038;ssl=1\" alt=\"\" width=\"225\" height=\"300\" data-recalc-dims=\"1\" \/><img loading=\"lazy\" class=\"alignnone size-medium wp-image-7576\" src=\"https:\/\/i2.wp.com\/dilmah-ingatlan.hu\/wp-content\/uploads\/2025\/05\/20250404_113327.jpg?resize=300%2C225&#038;ssl=1\" alt=\"\" width=\"300\" height=\"225\" data-recalc-dims=\"1\" \/><img loading=\"lazy\" class=\"alignnone size-medium wp-image-7575\" src=\"https:\/\/i2.wp.com\/dilmah-ingatlan.hu\/wp-content\/uploads\/2025\/05\/20250404_113321.jpg?resize=300%2C225&#038;ssl=1\" alt=\"\" width=\"300\" height=\"225\" data-recalc-dims=\"1\" \/>Elad\u00f3 Vecs\u00e9s csendes utc\u00e1j\u00e1ban 3 szintes 6 szob\u00e1s csal\u00e1di h\u00e1z!!!<br \/>\nF\u0151bb jellemz\u0151k:<br \/>\n265 nm 2006- ban \u00e9p\u00fclt p\u00e1r \u00e9ve k\u00edv\u00fcl-bel\u00fcl fel\u00faj\u00edtott szigetelt t\u00e9gla\u00e9p\u00edt\u00e9s\u0171<br \/>\n560 nm telek<br \/>\n-dupla \u00f6sszkomfort<br \/>\n-als\u00f3 szint 129 nm<br \/>\n-amerikai konyh\u00e1s nappali 58 nm<br \/>\nEmeleti szinten<br \/>\n-3 szoba<br \/>\n-2 gardr\u00f3b<br \/>\n-2 f\u00fcrd\u0151szoba<br \/>\n-k\u00f6zleked\u0151<br \/>\n-t\u00e1rol\u00f3<br \/>\n-erk\u00e9ly 13 nm<br \/>\n-h\u00e1ztart\u00e1si helyis\u00e9g<br \/>\n-b\u00fatorozott<br \/>\n-split kl\u00edma<br \/>\n-padl\u00f3f\u0171t\u00e9s<br \/>\n-napelem 8 kw<br \/>\n-h\u0151szivatty\u00fa<br \/>\n-padl\u00f3f\u0171t\u00e9s (r\u00e9szben)<br \/>\n-szigetel\u00e9s 20 cm<br \/>\n-k\u00fclt\u00e9ri kamera rendszer<br \/>\n-k\u00fclt\u00e9ri jakuzzi<br \/>\n-medence<br \/>\n-automata \u00f6nt\u00f6z\u0151 rendszer<br \/>\n-h\u0151szigetelt m\u0171anyag ny\u00edl\u00e1sz\u00e1r\u00f3k<br \/>\n-kandall\u00f3<br \/>\n-Bosch pr\u00e9mium konyha \u00e9s h\u00e1ztart\u00e1si berendez\u00e9s<br \/>\n-f\u0171thet\u0151 dupla gar\u00e1zs<br \/>\n-tet\u0151t\u00e9rben 2 szoba k\u00f6zleked\u0151<br \/>\n-F\u00fart k\u00fat<br \/>\n-ipari \u00e1ram<br \/>\n-elektromos kapu \u00e9s gar\u00e1zs ajt\u00f3<br \/>\nA h\u00e1z fenntart\u00e1sa igen kedvez\u0151. A f\u0171t\u00e9s \u00e9s az \u00e1ram null szald\u00f3s, csak a v\u00edz\u00e9rt kell fizetni.<br \/>\nJ\u00f6jj\u00f6n el \u00e9s n\u00e9zze meg m\u00e9g ma!<br \/>\nV\u00e1rom h\u00edv\u00e1s\u00e1t a h\u00e9t minden napj\u00e1n!!!!!<br \/>\nIrod\u00e1nk az \u00fcgyf\u00e9l ig\u00e9nye eset\u00e9n a hitel\u00fcgyint\u00e9z\u00e9sben, \u00fcgyv\u00e9di szolg\u00e1ltat\u00e1sban, ingatlan energetikai tan\u00fas\u00edtv\u00e1ny k\u00e9sz\u00edt\u00e9s\u00e9ben is sz\u00edvesen \u00e1ll rendelkez\u00e9s\u00fckre.<\/p>\n<p>+36 70 560 7613<\/p>\n","protected":false},"excerpt":{"rendered":"<p>Elad\u00f3 Vecs\u00e9s csendes utc\u00e1j\u00e1ban 3 szintes 6 szob\u00e1s csal\u00e1di h\u00e1z!!! F\u0151bb jellemz\u0151k: 265 nm 2006- ban \u00e9p\u00fclt p\u00e1r \u00e9ve k\u00edv\u00fcl-bel\u00fcl fel\u00faj\u00edtott szigetelt t\u00e9gla\u00e9p\u00edt\u00e9s\u0171 560 nm telek -dupla \u00f6sszkomfort -als\u00f3 szint 129 nm -amerikai konyh\u00e1s nappali 58 nm Emeleti szinten -3 szoba -2 gardr\u00f3b -2 f\u00fcrd\u0151szoba -k\u00f6zleked\u0151 -t\u00e1rol\u00f3 -erk\u00e9ly 13 nm -h\u00e1ztart\u00e1si helyis\u00e9g -b\u00fatorozott -split kl\u00edma [&hellip;]<\/p>\n","protected":false},"featured_media":0,"template":"","meta":{"_et_pb_use_builder":"","_et_pb_old_content":"","_et_gb_content_width":"","spay_email":"","jetpack_publicize_message":"","jetpack_is_tweetstorm":false},"jetpack_publicize_connections":[],"jetpack_sharing_enabled":true,"_links":{"self":[{"href":"https:\/\/dilmah-ingatlan.hu\/index.php?rest_route=\/wp\/v2\/product\/7610"}],"collection":[{"href":"https:\/\/dilmah-ingatlan.hu\/index.php?rest_route=\/wp\/v2\/product"}],"about":[{"href":"https:\/\/dilmah-ingatlan.hu\/index.php?rest_route=\/wp\/v2\/types\/product"}],"wp:attachment":[{"href":"https:\/\/dilmah-ingatlan.hu\/index.php?rest_route=%2Fwp%2Fv2%2Fmedia&parent=7610"}],"curies":[{"name":"wp","href":"https:\/\/api.w.org\/{rel}","templated":true}]}}